{"id":1447,"date":"2026-01-20T12:08:23","date_gmt":"2026-01-20T12:08:23","guid":{"rendered":"https:\/\/bonuskongcasino.com\/app\/"},"modified":"2026-02-27T07:30:26","modified_gmt":"2026-02-27T07:30:26","slug":"aplikacja","status":"publish","type":"page","link":"https:\/\/rollambia.net\/pl\/aplikacja\/","title":{"rendered":"Aplikacja"},"content":{"rendered":"<h1>Aplikacja Mobilna Rollambia<\/h1>\n<p>Rollambia app jest jak noszenie minikasyna w kieszeni. Dzi\u0119ki funkcjom specyficznym dla urz\u0105dze\u0144 mobilnych, szybkiemu czasowi \u0142adowania i zoptymalizowanej wydajno\u015bci aplikacji mo\u017cesz gra\u0107, kiedy tylko chcesz. Graj w swoje ulubione automaty, gry z live dealerami lub gry sto\u0142owe z b\u0142yskawiczn\u0105 pr\u0119dko\u015bci\u0105 i \u0142atwo\u015bci\u0105 w aplikacji Rollambia.<\/p>\n<div class=\"banner-wrap\" aria-label=\"Banner\"><img src=\"https:\/\/rollambia.net\/wp-content\/uploads\/rollambia-bnr-pc.webp\" class=\"w-100 d-none d-lg-block img-pc main-banner-img\" alt=\"rollambia banner pc\" fetchpriority=\"high\" decoding=\"async\"><img src=\"https:\/\/rollambia.net\/wp-content\/uploads\/rollambia-bnr-mob.webp\" class=\"w-100 d-none d-md-block d-lg-none main-banner-img\" alt=\"rollambia banner mobile\" fetchpriority=\"high\" decoding=\"async\"><img src=\"https:\/\/rollambia.net\/wp-content\/uploads\/rollambia-bnr-mob.webp\" class=\"w-100 d-md-none\" alt=\"rollambia banner mobile\" fetchpriority=\"high\" decoding=\"async\"><div class=\"banner-description\">\n<div class=\"banner-title\">Bonusy powitalne<\/div>\n<p class=\"banner-header-title\">1500 \u20ac<\/p>\n<div class=\"banner-header-AdditionalText\">+ 250 Darmowe spiny<\/div>\n<button data-item=\"homepage_banner_link\" class=\"goto m-button m-gradient-border m-button--primary m-button--large banner-button btn-orange\">\n            <div class=\"m-button-content\">\n                <span>Zarejestruj si\u0119 teraz<\/span>\n                <span><\/span>\n            <\/div>\n        <\/button>\n<\/div>\n<div class=\"WelcomePack\">\n<p><img loading=\"lazy\" decoding=\"async\" class=\"alignnone size-full wp-image-1906\" src=\"https:\/\/rollambia.net\/wp-content\/uploads\/welcome-crown.png\" alt=\"welcome-crown\" width=\"25\" height=\"26\" \/><\/p>\n<div class=\"WelcomePack-Info\">Cotygodniowy zwrot got\u00f3wki do 25%<\/div>\n<p><img loading=\"lazy\" decoding=\"async\" class=\"alignnone size-full wp-image-1906\" src=\"https:\/\/rollambia.net\/wp-content\/uploads\/welcome-crown.png\" alt=\"welcome-crown\" width=\"25\" height=\"26\" \/><\/p>\n<\/div>\n<\/div>\n<h2>Zalety Aplikacji Rollambia<\/h2>\n<p>Aplikacja Rollambia ma kilka zgrabnych funkcji, kt\u00f3re sprawiaj\u0105, \u017ce granie w gry w podr\u00f3\u017cy jest przyjemniejsze ni\u017c na komputerze stacjonarnym lub laptopie. Zbudowana specjalnie dla urz\u0105dze\u0144 mobilnych, aplikacja przewy\u017csza wersj\u0119 internetow\u0105 pod wzgl\u0119dem szybko\u015bci i zu\u017cycia danych.<\/p>\n<p>Nawet na mniejszych ekranach zoptymalizowany interfejs automatycznie dostosowuje si\u0119 do twoich potrzeb, co sprawia, \u017ce nawigacja jest bardzo prosta. W por\u00f3wnaniu z u\u017cywaniem przegl\u0105darki internetowej og\u00f3lne wra\u017cenia u\u017cytkownika s\u0105 p\u0142ynniejsze, grafika \u0142aduje si\u0119 szybciej, a transakcje ko\u0144cz\u0105 si\u0119 szybciej.<\/p>\n<table>\n<tbody>\n<tr>\n<td>Funkcja<\/td>\n<td>Aplikacja Mobilna<\/td>\n<td>Wersja na PC<\/td>\n<\/tr>\n<tr>\n<td>Pr\u0119dko\u015b\u0107 \u0141adowania<\/td>\n<td>Niezwykle szybka<\/td>\n<td>Szybka<\/td>\n<\/tr>\n<tr>\n<td>Zu\u017cycie Danych<\/td>\n<td>Zmniejszone<\/td>\n<td>Wi\u0119ksze<\/td>\n<\/tr>\n<tr>\n<td>Dost\u0119p jednym dotkni\u0119ciem<\/td>\n<td>Tak<\/td>\n<td>Wymaga przegl\u0105darki<\/td>\n<\/tr>\n<\/tbody>\n<\/table>\n<p>Ponadto aplikacja automatycznie utrzymuje ci\u0119 zalogowanym, co oszcz\u0119dza czas przy ka\u017cdym otwarciu. Mo\u017cesz otrzymywa\u0107 powiadomienia push o nowych ofertach, bonusach i wa\u017cnych aktualizacjach konta bez konieczno\u015bci ci\u0105g\u0142ego sprawdzania konta.<\/p>\n<p><div class=\"scrollable-content-wrap my-5\"><div class=\"scrollable-content-inner\"><h2>Jak Gra\u0107 w Rollambi\u0119 na iPhone i iPadzie<\/h2>\n<p>\u0141atwo jest zainstalowa\u0107 aplikacj\u0119 Rollambia na urz\u0105dzeniach z iOS i nie musisz jej pobiera\u0107 z App Store. Kasyno Rollambia wykorzystuje technologi\u0119 Progressive Web App (PWA), kt\u00f3ra doskonale dzia\u0142a na wszystkich urz\u0105dzeniach Apple.<\/p>\n<h3>Przewodnik Instalacji Krok po Kroku dla iOS<\/h3>\n<ol>\n<li>Na urz\u0105dzeniu z iOS uruchom Safari, aby uzyska\u0107 dost\u0119p do strony internetowej Rollambia.<\/li>\n<li>Znajd\u017a ikon\u0119 aplikacji kasyna w g\u0142\u00f3wnym menu strony internetowej po pe\u0142nym za\u0142adowaniu strony.<\/li>\n<li>Naci\u015bnij przycisk Udost\u0119pnij (kwadrat ze strza\u0142k\u0105 skierowan\u0105 do g\u00f3ry) u do\u0142u ekranu.<\/li>\n<li>Przewi\u0144 w d\u00f3\u0142 menu, kt\u00f3re si\u0119 pojawi i wybierz &#8220;Dodaj do ekranu g\u0142\u00f3wnego&#8221;.<\/li>\n<li>Nazw\u0119 aplikacji mo\u017cna dostosowa\u0107, ale najlepiej pozosta\u0107 przy domy\u015blnej &#8220;Rollambia&#8221; dla uproszczenia.<\/li>\n<li>Naci\u015bnij &#8220;Dodaj&#8221; w prawym g\u00f3rnym rogu, aby zako\u0144czy\u0107 instalacj\u0119.<\/li>\n<\/ol>\n<p>Ikona Rollambia pojawi si\u0119 na ekranie g\u0142\u00f3wnym. Po dotkni\u0119ciu jej aplikacja otworzy si\u0119 w trybie pe\u0142noekranowym, oferuj\u0105c do\u015bwiadczenie gry identyczne z natywn\u0105 aplikacj\u0105.<\/p>\n<p><img loading=\"lazy\" decoding=\"async\" class=\"alignnone size-full wp-image-1980\" src=\"https:\/\/rollambia.net\/wp-content\/uploads\/Rollambia-iOS.webp\" alt=\"Rollambia iOS\" width=\"1248\" height=\"536\" srcset=\"https:\/\/rollambia.net\/wp-content\/uploads\/Rollambia-iOS.webp 1248w, https:\/\/rollambia.net\/wp-content\/uploads\/Rollambia-iOS-300x129.webp 300w, https:\/\/rollambia.net\/wp-content\/uploads\/Rollambia-iOS-1024x440.webp 1024w, https:\/\/rollambia.net\/wp-content\/uploads\/Rollambia-iOS-768x330.webp 768w\" sizes=\"auto, (max-width: 1248px) 100vw, 1248px\" \/><\/p>\n<\/div><\/div><div style=\"clear: both\"><\/div><div class=\"d-flex justify-content-center\"><button data-item=\"decouvrez_link\" data-group=\"website_links\" class=\"goto fw-bold rounded-pill btn btn-orange\" aria-label=\"Pobierz aplikacj\u0119 Rollambia\" >Pobierz aplikacj\u0119 Rollambia<\/button><\/div><div class=\"scrollable-content-wrap my-5\"><div class=\"scrollable-content-inner\"><h2>Pobieranie i U\u017cywanie Aplikacji na Androidzie<\/h2>\n<p>U\u017cytkownicy Androida maj\u0105 elastyczno\u015b\u0107 w instalacji aplikacji Rollambia na dwa r\u00f3\u017cne sposoby, w zale\u017cno\u015bci od preferencji.<\/p>\n<p>U\u017cycie przegl\u0105darki Chrome jest naj\u0142atwiejszym sposobem.<\/p>\n<ol>\n<li>Otw\u00f3rz Chrome na swoim urz\u0105dzeniu i odwied\u017a stron\u0119 internetow\u0105 Rollambia.<\/li>\n<li>Kliknij trzy kropki w prawym g\u00f3rnym rogu ekranu.<\/li>\n<li>Z menu, kt\u00f3re si\u0119 pojawi, wybierz &#8220;Dodaj do ekranu g\u0142\u00f3wnego&#8221;.<\/li>\n<li>Aby potwierdzi\u0107, naci\u015bnij &#8220;Dodaj&#8221;. Ikona pojawi si\u0119 na ekranie g\u0142\u00f3wnym telefonu.<\/li>\n<\/ol>\n<p>Mo\u017cesz tak\u017ce utworzy\u0107 skr\u00f3t z szuflady aplikacji.<\/p>\n<ol>\n<li>Aby otworzy\u0107 szuflad\u0119 aplikacji, przesu\u0144 palcem do g\u00f3ry od do\u0142u ekranu g\u0142\u00f3wnego.<\/li>\n<li>Dotknij i przytrzymaj ikon\u0119 aplikacji, aby j\u0105 doda\u0107.<\/li>\n<li>Przeci\u0105gnij ikon\u0119 w \u017c\u0105dane miejsce na ekranie g\u0142\u00f3wnym i zwolnij.<\/li>\n<li>Aplikacja pozostanie tam, aby uzyska\u0107 natychmiastowy dost\u0119p w dowolnym momencie.<\/li>\n<\/ol>\n<p>U\u017cyj czatu na \u017cywo lub e-maila, aby skomunikowa\u0107 si\u0119 z zespo\u0142em wsparcia klienta, je\u015bli masz jakiekolwiek pytania dotycz\u0105ce procesu instalacji lub procesu weryfikacji aplikacji.<\/p>\n<h3>Bezpiecze\u0144stwo i Ochrona w Aplikacji<\/h3>\n<p>Aplikacja Rollambia zawiera zaawansowane systemy bezpiecze\u0144stwa w celu ochrony twoich danych osobowych i finansowych. Wszystkie dane wysy\u0142ane i odbierane mi\u0119dzy twoim urz\u0105dzeniem a naszymi serwerami s\u0105 bezpiecznie szyfrowane za pomoc\u0105 technologii SSL 256-bitowej.<\/p>\n<p>Wiele warstw weryfikacji chroni depozyty i wyp\u0142aty. System automatycznie skanuje ka\u017cd\u0105 transakcj\u0119 pod k\u0105tem podejrzanej aktywno\u015bci i natychmiast ci\u0119 powiadamia, je\u015bli co\u015b niezwyk\u0142ego stanie si\u0119 na twoim koncie.<\/p>\n<p>Mi\u0119dzynarodowy Urz\u0105d Ochrony Danych ustala zasady przechowywania twoich danych osobowych na bezpiecznych serwerach. Aplikacja nie przechowuje lokalnie na twoim urz\u0105dzeniu wra\u017cliwych informacji p\u0142atniczych, co zmniejsza ryzyko utraty lub kradzie\u017cy w przypadku zgubienia lub kradzie\u017cy urz\u0105dzenia.<\/p>\n<p><img loading=\"lazy\" decoding=\"async\" class=\"alignnone wp-image-1956 size-full\" src=\"https:\/\/rollambia.net\/wp-content\/uploads\/Rollambia-Android.webp\" alt=\"Rollambia Android\" width=\"1248\" height=\"536\" srcset=\"https:\/\/rollambia.net\/wp-content\/uploads\/Rollambia-Android.webp 1248w, https:\/\/rollambia.net\/wp-content\/uploads\/Rollambia-Android-300x129.webp 300w, https:\/\/rollambia.net\/wp-content\/uploads\/Rollambia-Android-1024x440.webp 1024w, https:\/\/rollambia.net\/wp-content\/uploads\/Rollambia-Android-768x330.webp 768w\" sizes=\"auto, (max-width: 1248px) 100vw, 1248px\" \/><\/p>\n<\/div><\/div><div style=\"clear: both\"><\/div><div class=\"d-flex justify-content-center\"><button data-item=\"decouvrez_link\" data-group=\"website_links\" class=\"goto fw-bold rounded-pill btn btn-orange\" aria-label=\"Pobierz aplikacj\u0119 Rollambia\" >Pobierz aplikacj\u0119 Rollambia<\/button><\/div><div class=\"scrollable-content-wrap my-5\"><div class=\"scrollable-content-inner\"><h2>Rollambia z PC lub Maca<\/h2>\n<p>Chocia\u017c aplikacja Rollambia jest zbudowana dla urz\u0105dze\u0144 mobilnych kasyna, mo\u017cesz mie\u0107 to samo do\u015bwiadczenie na komputerze. Mo\u017cesz korzysta\u0107 z platformy na komputerach Windows i Mac za po\u015brednictwem przegl\u0105darki internetowej.<\/p>\n<ol>\n<li>Otw\u00f3rz Chrome lub Safari i przejd\u017a do strony internetowej Rollambia, aby uzyska\u0107 do niej natychmiastowy dost\u0119p z pulpitu.<\/li>\n<li>W Chrome kliknij ikon\u0119 trzech kropek w prawym g\u00f3rnym rogu i wybierz &#8220;Zapisz i udost\u0119pnij&#8221; &gt; &#8220;Utw\u00f3rz skr\u00f3t&#8221;.<\/li>\n<li>Pami\u0119taj, aby wybra\u0107 &#8220;Otw\u00f3rz jako okno&#8221;, aby mie\u0107 samodzieln\u0105 aplikacj\u0119.<\/li>\n<\/ol>\n<p>Na Macu z Safari proces jest podobny do iOS. U\u017cyj menu &#8220;Plik&#8221; &gt; &#8220;Dodaj do Docka&#8221; dla szybkiego dost\u0119pu. Wersja desktopowa oferuje wi\u0119kszy ekran do lepszego ogl\u0105dania gier kasynowych na \u017cywo i wi\u0119cej miejsca do wielozadaniowo\u015bci.<\/p>\n<p><img loading=\"lazy\" decoding=\"async\" class=\"alignnone size-full wp-image-1972\" src=\"https:\/\/rollambia.net\/wp-content\/uploads\/Rollambia-Desktop.webp\" alt=\"Rollambia Desktop\" width=\"1248\" height=\"536\" srcset=\"https:\/\/rollambia.net\/wp-content\/uploads\/Rollambia-Desktop.webp 1248w, https:\/\/rollambia.net\/wp-content\/uploads\/Rollambia-Desktop-300x129.webp 300w, https:\/\/rollambia.net\/wp-content\/uploads\/Rollambia-Desktop-1024x440.webp 1024w, https:\/\/rollambia.net\/wp-content\/uploads\/Rollambia-Desktop-768x330.webp 768w\" sizes=\"auto, (max-width: 1248px) 100vw, 1248px\" \/><\/p>\n<\/div><\/div><div style=\"clear: both\"><\/div><div class=\"d-flex justify-content-center\"><button data-item=\"decouvrez_link\" data-group=\"website_links\" class=\"goto fw-bold rounded-pill btn btn-orange\" aria-label=\"Pobierz aplikacj\u0119 Rollambia\" >Pobierz aplikacj\u0119 Rollambia<\/button><\/div><div class=\"scrollable-content-wrap my-5\"><div class=\"scrollable-content-inner\"><h2>Cz\u0119sto Zadawane Pytania<\/h2>\n<h3>Co powinienem zrobi\u0107, je\u015bli aplikacja ci\u0105gle si\u0119 zawiesza?<\/h3>\n<p>Zaleca si\u0119 rozpocz\u0119cie od ponownego uruchomienia urz\u0105dzenia, je\u015bli do\u015bwiadczasz problem\u00f3w ze stabilno\u015bci\u0105 aplikacji Rollambia. Tymczasowa pami\u0119\u0107 jest czyszczona, co pozwala na rozwi\u0105zanie wielu problem\u00f3w.<\/p>\n<h3>Czy moje depozyty s\u0105 bezpieczne podczas korzystania z aplikacji mobilnej?<\/h3>\n<p>Bezpiecze\u0144stwo depozyt\u00f3w dokonywanych za po\u015brednictwem aplikacji Rollambia jest por\u00f3wnywalne z bezpiecze\u0144stwem depozyt\u00f3w dokonywanych z komputera stacjonarnego. Podobnie jak wersja desktopowa, aplikacja mobilna wykorzystuje t\u0119 sam\u0105 infrastruktur\u0119 szyfrowania i bezpiecze\u0144stwa.<\/p>\n<h3>Dlaczego powinienem korzysta\u0107 z oficjalnej aplikacji zamiast ze strony internetowej?<\/h3>\n<p>W por\u00f3wnaniu z przegl\u0105dark\u0105 internetow\u0105 oficjalna aplikacja Rollambia oferuje lepsz\u0105 wydajno\u015b\u0107, czego nie mo\u017cna osi\u0105gn\u0105\u0107 za pomoc\u0105 przegl\u0105darki. Transakcje s\u0105 szybsze, og\u00f3lne wra\u017cenia s\u0105 bardziej usp\u00f3jnione, a sloty online \u0142aduj\u0105 si\u0119 szybciej.<\/p>\n<\/div><\/div><\/p>\n","protected":false},"excerpt":{"rendered":"<p>Aplikacja Mobilna Rollambia Rollambia app jest jak noszenie minikasyna w kieszeni. Dzi\u0119ki funkcjom specyficznym dla urz\u0105dze\u0144 mobilnych, szybkiemu czasowi \u0142adowania i zoptymalizowanej wydajno\u015bci aplikacji mo\u017cesz gra\u0107, kiedy tylko chcesz. Graj w swoje ulubione automaty, gry z live dealerami lub gry sto\u0142owe z b\u0142yskawiczn\u0105 pr\u0119dko\u015bci\u0105 i \u0142atwo\u015bci\u0105 w aplikacji Rollambia. Zalety Aplikacji Rollambia Aplikacja Rollambia ma [&hellip;]<\/p>\n","protected":false},"author":1,"featured_media":0,"parent":0,"menu_order":0,"comment_status":"closed","ping_status":"closed","template":"template-builder.php","meta":{"_acf_changed":false,"inline_featured_image":false,"footnotes":""},"class_list":["post-1447","page","type-page","status-publish","hentry"],"acf":[],"yoast_head":"<!-- This site is optimized with the Yoast SEO plugin v27.3 - https:\/\/yoast.com\/product\/yoast-seo-wordpress\/ -->\n<title>Rollambia Casino App na iOS i Androida<\/title>\n<meta name=\"description\" content=\"Pobierz Roll Ambia app na Androida lub iOS i ciesz si\u0119 natychmiastowym dost\u0119pem do bogatej biblioteki gier. We\u017a udzia\u0142 w jackpotach, turniejach i ekskluzywnych promocjach na swoim urz\u0105dzeniu.\" \/>\n<meta name=\"robots\" content=\"index, follow, max-snippet:-1, max-image-preview:large, max-video-preview:-1\" \/>\n<link rel=\"canonical\" href=\"https:\/\/rollambia.net\/pl\/aplikacja\/\" \/>\n<meta property=\"og:locale\" content=\"pl_PL\" \/>\n<meta property=\"og:type\" content=\"article\" \/>\n<meta property=\"og:title\" content=\"Rollambia Casino App na iOS i Androida\" \/>\n<meta property=\"og:description\" content=\"Pobierz Roll Ambia app na Androida lub iOS i ciesz si\u0119 natychmiastowym dost\u0119pem do bogatej biblioteki gier. We\u017a udzia\u0142 w jackpotach, turniejach i ekskluzywnych promocjach na swoim urz\u0105dzeniu.\" \/>\n<meta property=\"og:url\" content=\"https:\/\/rollambia.net\/pl\/aplikacja\/\" \/>\n<meta property=\"og:site_name\" content=\"Rollambia\" \/>\n<meta property=\"article:modified_time\" content=\"2026-02-27T07:30:26+00:00\" \/>\n<meta name=\"twitter:card\" content=\"summary_large_image\" \/>\n<meta name=\"twitter:label1\" content=\"Est. reading time\" \/>\n\t<meta name=\"twitter:data1\" content=\"1 minute\" \/>\n<script type=\"application\/ld+json\" class=\"yoast-schema-graph\">{\"@context\":\"https:\\\/\\\/schema.org\",\"@graph\":[{\"@type\":\"WebPage\",\"@id\":\"https:\\\/\\\/rollambia.net\\\/pl\\\/aplikacja\\\/\",\"url\":\"https:\\\/\\\/rollambia.net\\\/pl\\\/aplikacja\\\/\",\"name\":\"Rollambia Casino App na iOS i Androida\",\"isPartOf\":{\"@id\":\"https:\\\/\\\/rollambia.net\\\/pl\\\/#website\"},\"datePublished\":\"2026-01-20T12:08:23+00:00\",\"dateModified\":\"2026-02-27T07:30:26+00:00\",\"description\":\"Pobierz Roll Ambia app na Androida lub iOS i ciesz si\u0119 natychmiastowym dost\u0119pem do bogatej biblioteki gier. We\u017a udzia\u0142 w jackpotach, turniejach i ekskluzywnych promocjach na swoim urz\u0105dzeniu.\",\"breadcrumb\":{\"@id\":\"https:\\\/\\\/rollambia.net\\\/pl\\\/aplikacja\\\/#breadcrumb\"},\"inLanguage\":\"pl-PL\",\"potentialAction\":[{\"@type\":\"ReadAction\",\"target\":[\"https:\\\/\\\/rollambia.net\\\/pl\\\/aplikacja\\\/\"]}]},{\"@type\":\"BreadcrumbList\",\"@id\":\"https:\\\/\\\/rollambia.net\\\/pl\\\/aplikacja\\\/#breadcrumb\",\"itemListElement\":[{\"@type\":\"ListItem\",\"position\":1,\"name\":\"Rollambia\",\"item\":\"https:\\\/\\\/rollambia.net\\\/pl\\\/\"},{\"@type\":\"ListItem\",\"position\":2,\"name\":\"Aplikacja\"}]},{\"@type\":\"WebSite\",\"@id\":\"https:\\\/\\\/rollambia.net\\\/pl\\\/#website\",\"url\":\"https:\\\/\\\/rollambia.net\\\/pl\\\/\",\"name\":\"Rollambia\",\"description\":\"\",\"publisher\":{\"@id\":\"https:\\\/\\\/rollambia.net\\\/pl\\\/#organization\"},\"potentialAction\":[{\"@type\":\"SearchAction\",\"target\":{\"@type\":\"EntryPoint\",\"urlTemplate\":\"https:\\\/\\\/rollambia.net\\\/pl\\\/?s={search_term_string}\"},\"query-input\":{\"@type\":\"PropertyValueSpecification\",\"valueRequired\":true,\"valueName\":\"search_term_string\"}}],\"inLanguage\":\"pl-PL\"},{\"@type\":\"Organization\",\"@id\":\"https:\\\/\\\/rollambia.net\\\/pl\\\/#organization\",\"name\":\"Rollambia\",\"url\":\"https:\\\/\\\/rollambia.net\\\/pl\\\/\",\"logo\":{\"@type\":\"ImageObject\",\"inLanguage\":\"pl-PL\",\"@id\":\"https:\\\/\\\/rollambia.net\\\/pl\\\/#\\\/schema\\\/logo\\\/image\\\/\",\"url\":\"https:\\\/\\\/rollambia.net\\\/wp-content\\\/uploads\\\/2026\\\/02\\\/cropped-logo-e1772095679432-1.png\",\"contentUrl\":\"https:\\\/\\\/rollambia.net\\\/wp-content\\\/uploads\\\/2026\\\/02\\\/cropped-logo-e1772095679432-1.png\",\"width\":206,\"height\":47,\"caption\":\"Rollambia\"},\"image\":{\"@id\":\"https:\\\/\\\/rollambia.net\\\/pl\\\/#\\\/schema\\\/logo\\\/image\\\/\"}}]}<\/script>\n<!-- \/ Yoast SEO plugin. -->","yoast_head_json":{"title":"Rollambia Casino App na iOS i Androida","description":"Pobierz Roll Ambia app na Androida lub iOS i ciesz si\u0119 natychmiastowym dost\u0119pem do bogatej biblioteki gier. We\u017a udzia\u0142 w jackpotach, turniejach i ekskluzywnych promocjach na swoim urz\u0105dzeniu.","robots":{"index":"index","follow":"follow","max-snippet":"max-snippet:-1","max-image-preview":"max-image-preview:large","max-video-preview":"max-video-preview:-1"},"canonical":"https:\/\/rollambia.net\/pl\/aplikacja\/","og_locale":"pl_PL","og_type":"article","og_title":"Rollambia Casino App na iOS i Androida","og_description":"Pobierz Roll Ambia app na Androida lub iOS i ciesz si\u0119 natychmiastowym dost\u0119pem do bogatej biblioteki gier. We\u017a udzia\u0142 w jackpotach, turniejach i ekskluzywnych promocjach na swoim urz\u0105dzeniu.","og_url":"https:\/\/rollambia.net\/pl\/aplikacja\/","og_site_name":"Rollambia","article_modified_time":"2026-02-27T07:30:26+00:00","twitter_card":"summary_large_image","twitter_misc":{"Est. reading time":"1 minute"},"schema":{"@context":"https:\/\/schema.org","@graph":[{"@type":"WebPage","@id":"https:\/\/rollambia.net\/pl\/aplikacja\/","url":"https:\/\/rollambia.net\/pl\/aplikacja\/","name":"Rollambia Casino App na iOS i Androida","isPartOf":{"@id":"https:\/\/rollambia.net\/pl\/#website"},"datePublished":"2026-01-20T12:08:23+00:00","dateModified":"2026-02-27T07:30:26+00:00","description":"Pobierz Roll Ambia app na Androida lub iOS i ciesz si\u0119 natychmiastowym dost\u0119pem do bogatej biblioteki gier. We\u017a udzia\u0142 w jackpotach, turniejach i ekskluzywnych promocjach na swoim urz\u0105dzeniu.","breadcrumb":{"@id":"https:\/\/rollambia.net\/pl\/aplikacja\/#breadcrumb"},"inLanguage":"pl-PL","potentialAction":[{"@type":"ReadAction","target":["https:\/\/rollambia.net\/pl\/aplikacja\/"]}]},{"@type":"BreadcrumbList","@id":"https:\/\/rollambia.net\/pl\/aplikacja\/#breadcrumb","itemListElement":[{"@type":"ListItem","position":1,"name":"Rollambia","item":"https:\/\/rollambia.net\/pl\/"},{"@type":"ListItem","position":2,"name":"Aplikacja"}]},{"@type":"WebSite","@id":"https:\/\/rollambia.net\/pl\/#website","url":"https:\/\/rollambia.net\/pl\/","name":"Rollambia","description":"","publisher":{"@id":"https:\/\/rollambia.net\/pl\/#organization"},"potentialAction":[{"@type":"SearchAction","target":{"@type":"EntryPoint","urlTemplate":"https:\/\/rollambia.net\/pl\/?s={search_term_string}"},"query-input":{"@type":"PropertyValueSpecification","valueRequired":true,"valueName":"search_term_string"}}],"inLanguage":"pl-PL"},{"@type":"Organization","@id":"https:\/\/rollambia.net\/pl\/#organization","name":"Rollambia","url":"https:\/\/rollambia.net\/pl\/","logo":{"@type":"ImageObject","inLanguage":"pl-PL","@id":"https:\/\/rollambia.net\/pl\/#\/schema\/logo\/image\/","url":"https:\/\/rollambia.net\/wp-content\/uploads\/2026\/02\/cropped-logo-e1772095679432-1.png","contentUrl":"https:\/\/rollambia.net\/wp-content\/uploads\/2026\/02\/cropped-logo-e1772095679432-1.png","width":206,"height":47,"caption":"Rollambia"},"image":{"@id":"https:\/\/rollambia.net\/pl\/#\/schema\/logo\/image\/"}}]}},"_links":{"self":[{"href":"https:\/\/rollambia.net\/pl\/wp-json\/wp\/v2\/pages\/1447","targetHints":{"allow":["GET"]}}],"collection":[{"href":"https:\/\/rollambia.net\/pl\/wp-json\/wp\/v2\/pages"}],"about":[{"href":"https:\/\/rollambia.net\/pl\/wp-json\/wp\/v2\/types\/page"}],"author":[{"embeddable":true,"href":"https:\/\/rollambia.net\/pl\/wp-json\/wp\/v2\/users\/1"}],"replies":[{"embeddable":true,"href":"https:\/\/rollambia.net\/pl\/wp-json\/wp\/v2\/comments?post=1447"}],"version-history":[{"count":4,"href":"https:\/\/rollambia.net\/pl\/wp-json\/wp\/v2\/pages\/1447\/revisions"}],"predecessor-version":[{"id":2118,"href":"https:\/\/rollambia.net\/pl\/wp-json\/wp\/v2\/pages\/1447\/revisions\/2118"}],"wp:attachment":[{"href":"https:\/\/rollambia.net\/pl\/wp-json\/wp\/v2\/media?parent=1447"}],"curies":[{"name":"wp","href":"https:\/\/api.w.org\/{rel}","templated":true}]}}