{"id":1445,"date":"2026-01-20T12:08:23","date_gmt":"2026-01-20T12:08:23","guid":{"rendered":"https:\/\/bonuskongcasino.com\/app\/"},"modified":"2026-02-26T15:50:33","modified_gmt":"2026-02-26T15:50:33","slug":"applicazione","status":"publish","type":"page","link":"https:\/\/rollambia.net\/it\/applicazione\/","title":{"rendered":"Applicazione"},"content":{"rendered":"<h1>Applicazione Mobile Rollambia<\/h1>\n<p>Rollambia app \u00e8 come portarsi in tasca un mini-casino. Con le funzionalit\u00e0 specifiche per mobile, i tempi di caricamento rapidi e le prestazioni ottimizzate dell&#8217;app, puoi giocare quando vuoi. Gioca alle tue slot machine preferite, ai giochi con dealer in diretta o ai giochi da tavolo con velocit\u00e0 fulminea e facilit\u00e0 sull&#8217;app Rollambia.<\/p>\n<div class=\"banner-wrap\" aria-label=\"Banner\"><img src=\"https:\/\/rollambia.net\/wp-content\/uploads\/rollambia-bnr-pc.webp\" class=\"w-100 d-none d-lg-block img-pc main-banner-img\" alt=\"rollambia banner pc\" fetchpriority=\"high\" decoding=\"async\"><img src=\"https:\/\/rollambia.net\/wp-content\/uploads\/rollambia-bnr-mob.webp\" class=\"w-100 d-none d-md-block d-lg-none main-banner-img\" alt=\"rollambia banner mobile\" fetchpriority=\"high\" decoding=\"async\"><img src=\"https:\/\/rollambia.net\/wp-content\/uploads\/rollambia-bnr-mob.webp\" class=\"w-100 d-md-none\" alt=\"rollambia banner mobile\" fetchpriority=\"high\" decoding=\"async\"><div class=\"banner-description\">\n<div class=\"banner-title\">Bonus di benvenuto<\/div>\n<p class=\"banner-header-title\">1500 \u20ac<\/p>\n<div class=\"banner-header-AdditionalText\">+ 250 Giri gratuiti<\/div>\n<button data-item=\"homepage_banner_link\" class=\"goto m-button m-gradient-border m-button--primary m-button--large banner-button btn-orange\">\n            <div class=\"m-button-content\">\n                <span>Iscriviti ora<\/span>\n                <span><\/span>\n            <\/div>\n        <\/button>\n<\/div>\n<div class=\"WelcomePack\">\n<p><img loading=\"lazy\" decoding=\"async\" class=\"alignnone size-full wp-image-1905\" src=\"https:\/\/rollambia.net\/wp-content\/uploads\/welcome-crown.png\" alt=\"welcome-crown\" width=\"25\" height=\"26\" \/><\/p>\n<div class=\"WelcomePack-Info\">Cashback settimanale fino al 25%<\/div>\n<p><img loading=\"lazy\" decoding=\"async\" class=\"alignnone size-full wp-image-1905\" src=\"https:\/\/rollambia.net\/wp-content\/uploads\/welcome-crown.png\" alt=\"welcome-crown\" width=\"25\" height=\"26\" \/><\/p>\n<\/div>\n<\/div>\n<h2>Vantaggi dell&#8217;Applicazione Rollambia<\/h2>\n<p>L&#8217;app Rollambia ha alcune funzionalit\u00e0 interessanti che rendono il gioco in movimento pi\u00f9 divertente rispetto a desktop o laptop. Costruita specificamente per dispositivi mobili, l&#8217;applicazione supera la versione web in termini di velocit\u00e0 e consumo di dati.<\/p>\n<p>Anche su schermi pi\u00f9 piccoli, l&#8217;interfaccia ottimizzata si adatta automaticamente alle tue esigenze, rendendo la navigazione un gioco da ragazzi. Rispetto all&#8217;uso di un browser web, l&#8217;esperienza utente complessiva \u00e8 pi\u00f9 fluida, la grafica carica pi\u00f9 velocemente e le transazioni si completano pi\u00f9 rapidamente.<\/p>\n<table>\n<tbody>\n<tr>\n<td>Funzionalit\u00e0<\/td>\n<td>App Mobile<\/td>\n<td>Versione PC<\/td>\n<\/tr>\n<tr>\n<td>Velocit\u00e0 di caricamento<\/td>\n<td>Estremamente rapida<\/td>\n<td>Veloce<\/td>\n<\/tr>\n<tr>\n<td>Consumo dati<\/td>\n<td>Ridotto<\/td>\n<td>Maggiore<\/td>\n<\/tr>\n<tr>\n<td>Accesso con un tocco<\/td>\n<td>S\u00ec<\/td>\n<td>Richiede un browser<\/td>\n<\/tr>\n<\/tbody>\n<\/table>\n<p>Inoltre, l&#8217;app ti mantiene automaticamente connesso, facendoti risparmiare tempo ogni volta che la apri. Puoi ricevere notifiche push su nuove offerte, bonus e aggiornamenti importanti del tuo account senza dover controllare continuamente il tuo account.<\/p>\n<p><div class=\"scrollable-content-wrap my-5\"><div class=\"scrollable-content-inner\"><h2>Come Giocare a Rollambia su iPhone e iPad<\/h2>\n<p>\u00c8 facile installare l&#8217;app Rollambia sui dispositivi iOS e non \u00e8 necessario scaricarla dall&#8217;App Store. Il casin\u00f2 Rollambia utilizza la tecnologia Progressive Web App (PWA) che funziona perfettamente su tutti i dispositivi Apple.<\/p>\n<h3>Guida all&#8217;Installazione Passo-Passo per iOS<\/h3>\n<ol>\n<li>Su un dispositivo iOS, avvia Safari per accedere al sito web di Rollambia.<\/li>\n<li>Trova l&#8217;icona dell&#8217;applicazione casin\u00f2 nel menu principale del sito web dopo che la pagina si \u00e8 caricata completamente.<\/li>\n<li>Premi il pulsante Condividi (il quadrato con la freccia verso l&#8217;alto) in fondo allo schermo.<\/li>\n<li>Scorri verso il basso nel menu che appare e seleziona &#8220;Aggiungi alla Schermata Home&#8221;.<\/li>\n<li>Il nome dell&#8217;app \u00e8 personalizzabile, ma \u00e8 meglio mantenere quello predefinito &#8220;Rollambia&#8221; per semplicit\u00e0.<\/li>\n<li>Premi &#8220;Aggiungi&#8221; nell&#8217;angolo in alto a destra per completare l&#8217;installazione.<\/li>\n<\/ol>\n<p>L&#8217;icona di Rollambia apparir\u00e0 sulla tua schermata home. Toccandola, l&#8217;applicazione si aprir\u00e0 in modalit\u00e0 a schermo intero, offrendo un&#8217;esperienza di gioco identica a quella di un&#8217;applicazione nativa.<\/p>\n<p><img loading=\"lazy\" decoding=\"async\" class=\"alignnone size-full wp-image-1979\" src=\"https:\/\/rollambia.net\/wp-content\/uploads\/Rollambia-iOS.webp\" alt=\"Rollambia iOS\" width=\"1248\" height=\"536\" srcset=\"https:\/\/rollambia.net\/wp-content\/uploads\/Rollambia-iOS.webp 1248w, https:\/\/rollambia.net\/wp-content\/uploads\/Rollambia-iOS-300x129.webp 300w, https:\/\/rollambia.net\/wp-content\/uploads\/Rollambia-iOS-1024x440.webp 1024w, https:\/\/rollambia.net\/wp-content\/uploads\/Rollambia-iOS-768x330.webp 768w\" sizes=\"auto, (max-width: 1248px) 100vw, 1248px\" \/><\/p>\n<\/div><\/div><div style=\"clear: both\"><\/div><div class=\"d-flex justify-content-center\"><button data-item=\"decouvrez_link\" data-group=\"website_links\" class=\"goto fw-bold rounded-pill btn btn-orange\" aria-label=\"Scarica l&#039;app Rollambia\" >Scarica l&#039;app Rollambia<\/button><\/div><div class=\"scrollable-content-wrap my-5\"><div class=\"scrollable-content-inner\"><h2>Scaricare e Utilizzare l&#8217;App su Android<\/h2>\n<p>Gli utenti Android hanno la flessibilit\u00e0 di installare l&#8217;applicazione Rollambia in due modi diversi, a seconda delle loro preferenze.<\/p>\n<p>Usare il browser Chrome \u00e8 il modo pi\u00f9 semplice.<\/p>\n<ol>\n<li>Apri Chrome sul tuo dispositivo e visita il sito web di Rollambia.<\/li>\n<li>Clicca i tre puntini in alto a destra dello schermo.<\/li>\n<li>Dal menu che appare, seleziona &#8220;Aggiungi alla schermata home&#8221;.<\/li>\n<li>Per confermare, premi &#8220;Aggiungi&#8221;. L&#8217;icona apparir\u00e0 sulla schermata home del tuo telefono.<\/li>\n<\/ol>\n<p>Puoi anche creare un collegamento dal drawer delle applicazioni.<\/p>\n<ol>\n<li>Per aprire il drawer delle applicazioni, scorri verso l&#8217;alto dalla parte inferiore della schermata home.<\/li>\n<li>Tocca e tieni premuta l&#8217;icona dell&#8217;app per aggiungerla.<\/li>\n<li>Trascina l&#8217;icona nel punto desiderato sulla schermata home e rilasciala.<\/li>\n<li>L&#8217;app rimarr\u00e0 l\u00ec per un accesso immediato in qualsiasi momento.<\/li>\n<\/ol>\n<p>Utilizza la chat live o l&#8217;email per comunicare con il team di supporto clienti se hai domande riguardanti il processo di installazione o il processo di verifica dell&#8217;app.<\/p>\n<h3>Sicurezza e Protezione nell&#8217;Applicazione<\/h3>\n<p>L&#8217;applicazione Rollambia incorpora sistemi di sicurezza avanzati per proteggere i tuoi dati personali e finanziari. Tutti i dati inviati e ricevuti tra il tuo dispositivo e i nostri server sono crittografati in modo sicuro utilizzando la tecnologia SSL a 256-bit.<\/p>\n<p>Multipli livelli di verifica proteggono depositi e prelievi. Il sistema scansiona automaticamente ogni transazione per attivit\u00e0 sospette e ti notifica immediatamente se succede qualcosa di insolito nel tuo account.<\/p>\n<p>L&#8217;Autorit\u00e0 Internazionale per la Protezione dei Dati stabilisce le regole su come le tue informazioni personali sono archiviate su server sicuri. L&#8217;applicazione non memorizza localmente sul tuo dispositivo informazioni sensibili di pagamento, riducendo il rischio di perdita o furto in caso il dispositivo venga smarrito o rubato.<\/p>\n<p><img loading=\"lazy\" decoding=\"async\" class=\"alignnone wp-image-1955 size-full\" src=\"https:\/\/rollambia.net\/wp-content\/uploads\/Rollambia-Android.webp\" alt=\"Rollambia Android\" width=\"1248\" height=\"536\" srcset=\"https:\/\/rollambia.net\/wp-content\/uploads\/Rollambia-Android.webp 1248w, https:\/\/rollambia.net\/wp-content\/uploads\/Rollambia-Android-300x129.webp 300w, https:\/\/rollambia.net\/wp-content\/uploads\/Rollambia-Android-1024x440.webp 1024w, https:\/\/rollambia.net\/wp-content\/uploads\/Rollambia-Android-768x330.webp 768w\" sizes=\"auto, (max-width: 1248px) 100vw, 1248px\" \/><\/p>\n<\/div><\/div><div style=\"clear: both\"><\/div><div class=\"d-flex justify-content-center\"><button data-item=\"decouvrez_link\" data-group=\"website_links\" class=\"goto fw-bold rounded-pill btn btn-orange\" aria-label=\"Scarica l&#039;app Rollambia\" >Scarica l&#039;app Rollambia<\/button><\/div><div class=\"scrollable-content-wrap my-5\"><div class=\"scrollable-content-inner\"><h2>Rollambia da PC o Mac<\/h2>\n<p>Sebbene l&#8217;app Rollambia sia costruita per dispositivi casin\u00f2 mobili, puoi avere la stessa esperienza sul tuo computer. Puoi utilizzare la piattaforma su computer Windows e Mac tramite un browser web.<\/p>\n<ol>\n<li>Apri Chrome o Safari e vai sul sito web di Rollambia per raggiungerlo immediatamente dal tuo desktop.<\/li>\n<li>In Chrome, fai clic sull&#8217;icona dei tre puntini in alto a destra e seleziona &#8220;Salva e condividi&#8221; &gt; &#8220;Crea collegamento&#8221;.<\/li>\n<li>Assicurati di selezionare &#8220;Apri come finestra&#8221; per avere un&#8217;applicazione autonoma.<\/li>\n<\/ol>\n<p>Su Mac con Safari, il processo \u00e8 simile a iOS. Usa il menu &#8220;File&#8221; &gt; &#8220;Aggiungi al Dock&#8221; per un accesso rapido. La versione desktop offre uno schermo pi\u00f9 grande per una migliore visualizzazione dei giochi casin\u00f2 live e pi\u00f9 spazio per il multitasking.<\/p>\n<p><img loading=\"lazy\" decoding=\"async\" class=\"alignnone size-full wp-image-1971\" src=\"https:\/\/rollambia.net\/wp-content\/uploads\/Rollambia-Desktop.webp\" alt=\"Rollambia Desktop\" width=\"1248\" height=\"536\" srcset=\"https:\/\/rollambia.net\/wp-content\/uploads\/Rollambia-Desktop.webp 1248w, https:\/\/rollambia.net\/wp-content\/uploads\/Rollambia-Desktop-300x129.webp 300w, https:\/\/rollambia.net\/wp-content\/uploads\/Rollambia-Desktop-1024x440.webp 1024w, https:\/\/rollambia.net\/wp-content\/uploads\/Rollambia-Desktop-768x330.webp 768w\" sizes=\"auto, (max-width: 1248px) 100vw, 1248px\" \/><\/p>\n<\/div><\/div><div style=\"clear: both\"><\/div><div class=\"d-flex justify-content-center\"><button data-item=\"decouvrez_link\" data-group=\"website_links\" class=\"goto fw-bold rounded-pill btn btn-orange\" aria-label=\"Scarica l&#039;app Rollambia\" >Scarica l&#039;app Rollambia<\/button><\/div><div class=\"scrollable-content-wrap my-5\"><div class=\"scrollable-content-inner\"><h2>Domande Frequenti<\/h2>\n<h3>Cosa devo fare se l&#8217;applicazione continua a bloccarsi?<\/h3>\n<p>Si consiglia di iniziare riavviando il dispositivo se si verificano problemi di stabilit\u00e0 con l&#8217;app Rollambia. La memoria temporanea viene svuotata, il che consente di risolvere molti problemi.<\/p>\n<h3>I miei depositi sono sicuri quando uso l&#8217;applicazione mobile?<\/h3>\n<p>La sicurezza dei depositi effettuati tramite l&#8217;app Rollambia \u00e8 paragonabile a quella dei depositi effettuati da un computer desktop. Similmente alla versione desktop, l&#8217;applicazione mobile utilizza la stessa infrastruttura di crittografia e sicurezza.<\/p>\n<h3>Perch\u00e9 dovrei usare l&#8217;app ufficiale invece del sito web?<\/h3>\n<p>Rispetto a un browser web, l&#8217;app ufficiale Rollambia offre prestazioni superiori, cosa che non \u00e8 possibile con un browser. Le transazioni si completano pi\u00f9 velocemente, l&#8217;esperienza complessiva \u00e8 pi\u00f9 snella e le slot online caricano pi\u00f9 rapidamente.<\/p>\n<\/div><\/div><\/p>\n","protected":false},"excerpt":{"rendered":"<p>Applicazione Mobile Rollambia Rollambia app \u00e8 come portarsi in tasca un mini-casino. Con le funzionalit\u00e0 specifiche per mobile, i tempi di caricamento rapidi e le prestazioni ottimizzate dell&#8217;app, puoi giocare quando vuoi. Gioca alle tue slot machine preferite, ai giochi con dealer in diretta o ai giochi da tavolo con velocit\u00e0 fulminea e facilit\u00e0 sull&#8217;app [&hellip;]<\/p>\n","protected":false},"author":1,"featured_media":0,"parent":0,"menu_order":0,"comment_status":"closed","ping_status":"closed","template":"template-builder.php","meta":{"_acf_changed":false,"inline_featured_image":false,"footnotes":""},"class_list":["post-1445","page","type-page","status-publish","hentry"],"acf":[],"yoast_head":"<!-- This site is optimized with the Yoast SEO plugin v27.3 - https:\/\/yoast.com\/product\/yoast-seo-wordpress\/ -->\n<title>Rollambia Casino App per iOS e Android<\/title>\n<meta name=\"description\" content=\"Scarica Roll Ambia app per Android o iOS e goditi l&#039;accesso immediato a un&#039;ampia libreria di giochi. Partecipa a jackpot, tornei e promozioni esclusive direttamente dal tuo dispositivo.\" \/>\n<meta name=\"robots\" content=\"index, follow, max-snippet:-1, max-image-preview:large, max-video-preview:-1\" \/>\n<link rel=\"canonical\" href=\"https:\/\/rollambia.net\/it\/applicazione\/\" \/>\n<meta property=\"og:locale\" content=\"it_IT\" \/>\n<meta property=\"og:type\" content=\"article\" \/>\n<meta property=\"og:title\" content=\"Rollambia Casino App per iOS e Android\" \/>\n<meta property=\"og:description\" content=\"Scarica Roll Ambia app per Android o iOS e goditi l&#039;accesso immediato a un&#039;ampia libreria di giochi. Partecipa a jackpot, tornei e promozioni esclusive direttamente dal tuo dispositivo.\" \/>\n<meta property=\"og:url\" content=\"https:\/\/rollambia.net\/it\/applicazione\/\" \/>\n<meta property=\"og:site_name\" content=\"Rollambia\" \/>\n<meta property=\"article:modified_time\" content=\"2026-02-26T15:50:33+00:00\" \/>\n<meta name=\"twitter:card\" content=\"summary_large_image\" \/>\n<meta name=\"twitter:label1\" content=\"Est. reading time\" \/>\n\t<meta name=\"twitter:data1\" content=\"1 minute\" \/>\n<script type=\"application\/ld+json\" class=\"yoast-schema-graph\">{\"@context\":\"https:\\\/\\\/schema.org\",\"@graph\":[{\"@type\":\"WebPage\",\"@id\":\"https:\\\/\\\/rollambia.net\\\/it\\\/applicazione\\\/\",\"url\":\"https:\\\/\\\/rollambia.net\\\/it\\\/applicazione\\\/\",\"name\":\"Rollambia Casino App per iOS e Android\",\"isPartOf\":{\"@id\":\"https:\\\/\\\/rollambia.net\\\/it\\\/#website\"},\"datePublished\":\"2026-01-20T12:08:23+00:00\",\"dateModified\":\"2026-02-26T15:50:33+00:00\",\"description\":\"Scarica Roll Ambia app per Android o iOS e goditi l'accesso immediato a un'ampia libreria di giochi. Partecipa a jackpot, tornei e promozioni esclusive direttamente dal tuo dispositivo.\",\"breadcrumb\":{\"@id\":\"https:\\\/\\\/rollambia.net\\\/it\\\/applicazione\\\/#breadcrumb\"},\"inLanguage\":\"it-IT\",\"potentialAction\":[{\"@type\":\"ReadAction\",\"target\":[\"https:\\\/\\\/rollambia.net\\\/it\\\/applicazione\\\/\"]}]},{\"@type\":\"BreadcrumbList\",\"@id\":\"https:\\\/\\\/rollambia.net\\\/it\\\/applicazione\\\/#breadcrumb\",\"itemListElement\":[{\"@type\":\"ListItem\",\"position\":1,\"name\":\"Rollambia\",\"item\":\"https:\\\/\\\/rollambia.net\\\/it\\\/\"},{\"@type\":\"ListItem\",\"position\":2,\"name\":\"Applicazione\"}]},{\"@type\":\"WebSite\",\"@id\":\"https:\\\/\\\/rollambia.net\\\/it\\\/#website\",\"url\":\"https:\\\/\\\/rollambia.net\\\/it\\\/\",\"name\":\"Rollambia\",\"description\":\"\",\"publisher\":{\"@id\":\"https:\\\/\\\/rollambia.net\\\/it\\\/#organization\"},\"potentialAction\":[{\"@type\":\"SearchAction\",\"target\":{\"@type\":\"EntryPoint\",\"urlTemplate\":\"https:\\\/\\\/rollambia.net\\\/it\\\/?s={search_term_string}\"},\"query-input\":{\"@type\":\"PropertyValueSpecification\",\"valueRequired\":true,\"valueName\":\"search_term_string\"}}],\"inLanguage\":\"it-IT\"},{\"@type\":\"Organization\",\"@id\":\"https:\\\/\\\/rollambia.net\\\/it\\\/#organization\",\"name\":\"Rollambia\",\"url\":\"https:\\\/\\\/rollambia.net\\\/it\\\/\",\"logo\":{\"@type\":\"ImageObject\",\"inLanguage\":\"it-IT\",\"@id\":\"https:\\\/\\\/rollambia.net\\\/it\\\/#\\\/schema\\\/logo\\\/image\\\/\",\"url\":\"https:\\\/\\\/rollambia.net\\\/wp-content\\\/uploads\\\/2026\\\/02\\\/cropped-logo-e1772095679432-1.png\",\"contentUrl\":\"https:\\\/\\\/rollambia.net\\\/wp-content\\\/uploads\\\/2026\\\/02\\\/cropped-logo-e1772095679432-1.png\",\"width\":206,\"height\":47,\"caption\":\"Rollambia\"},\"image\":{\"@id\":\"https:\\\/\\\/rollambia.net\\\/it\\\/#\\\/schema\\\/logo\\\/image\\\/\"}}]}<\/script>\n<!-- \/ Yoast SEO plugin. -->","yoast_head_json":{"title":"Rollambia Casino App per iOS e Android","description":"Scarica Roll Ambia app per Android o iOS e goditi l'accesso immediato a un'ampia libreria di giochi. Partecipa a jackpot, tornei e promozioni esclusive direttamente dal tuo dispositivo.","robots":{"index":"index","follow":"follow","max-snippet":"max-snippet:-1","max-image-preview":"max-image-preview:large","max-video-preview":"max-video-preview:-1"},"canonical":"https:\/\/rollambia.net\/it\/applicazione\/","og_locale":"it_IT","og_type":"article","og_title":"Rollambia Casino App per iOS e Android","og_description":"Scarica Roll Ambia app per Android o iOS e goditi l'accesso immediato a un'ampia libreria di giochi. Partecipa a jackpot, tornei e promozioni esclusive direttamente dal tuo dispositivo.","og_url":"https:\/\/rollambia.net\/it\/applicazione\/","og_site_name":"Rollambia","article_modified_time":"2026-02-26T15:50:33+00:00","twitter_card":"summary_large_image","twitter_misc":{"Est. reading time":"1 minute"},"schema":{"@context":"https:\/\/schema.org","@graph":[{"@type":"WebPage","@id":"https:\/\/rollambia.net\/it\/applicazione\/","url":"https:\/\/rollambia.net\/it\/applicazione\/","name":"Rollambia Casino App per iOS e Android","isPartOf":{"@id":"https:\/\/rollambia.net\/it\/#website"},"datePublished":"2026-01-20T12:08:23+00:00","dateModified":"2026-02-26T15:50:33+00:00","description":"Scarica Roll Ambia app per Android o iOS e goditi l'accesso immediato a un'ampia libreria di giochi. Partecipa a jackpot, tornei e promozioni esclusive direttamente dal tuo dispositivo.","breadcrumb":{"@id":"https:\/\/rollambia.net\/it\/applicazione\/#breadcrumb"},"inLanguage":"it-IT","potentialAction":[{"@type":"ReadAction","target":["https:\/\/rollambia.net\/it\/applicazione\/"]}]},{"@type":"BreadcrumbList","@id":"https:\/\/rollambia.net\/it\/applicazione\/#breadcrumb","itemListElement":[{"@type":"ListItem","position":1,"name":"Rollambia","item":"https:\/\/rollambia.net\/it\/"},{"@type":"ListItem","position":2,"name":"Applicazione"}]},{"@type":"WebSite","@id":"https:\/\/rollambia.net\/it\/#website","url":"https:\/\/rollambia.net\/it\/","name":"Rollambia","description":"","publisher":{"@id":"https:\/\/rollambia.net\/it\/#organization"},"potentialAction":[{"@type":"SearchAction","target":{"@type":"EntryPoint","urlTemplate":"https:\/\/rollambia.net\/it\/?s={search_term_string}"},"query-input":{"@type":"PropertyValueSpecification","valueRequired":true,"valueName":"search_term_string"}}],"inLanguage":"it-IT"},{"@type":"Organization","@id":"https:\/\/rollambia.net\/it\/#organization","name":"Rollambia","url":"https:\/\/rollambia.net\/it\/","logo":{"@type":"ImageObject","inLanguage":"it-IT","@id":"https:\/\/rollambia.net\/it\/#\/schema\/logo\/image\/","url":"https:\/\/rollambia.net\/wp-content\/uploads\/2026\/02\/cropped-logo-e1772095679432-1.png","contentUrl":"https:\/\/rollambia.net\/wp-content\/uploads\/2026\/02\/cropped-logo-e1772095679432-1.png","width":206,"height":47,"caption":"Rollambia"},"image":{"@id":"https:\/\/rollambia.net\/it\/#\/schema\/logo\/image\/"}}]}},"_links":{"self":[{"href":"https:\/\/rollambia.net\/it\/wp-json\/wp\/v2\/pages\/1445","targetHints":{"allow":["GET"]}}],"collection":[{"href":"https:\/\/rollambia.net\/it\/wp-json\/wp\/v2\/pages"}],"about":[{"href":"https:\/\/rollambia.net\/it\/wp-json\/wp\/v2\/types\/page"}],"author":[{"embeddable":true,"href":"https:\/\/rollambia.net\/it\/wp-json\/wp\/v2\/users\/1"}],"replies":[{"embeddable":true,"href":"https:\/\/rollambia.net\/it\/wp-json\/wp\/v2\/comments?post=1445"}],"version-history":[{"count":4,"href":"https:\/\/rollambia.net\/it\/wp-json\/wp\/v2\/pages\/1445\/revisions"}],"predecessor-version":[{"id":2109,"href":"https:\/\/rollambia.net\/it\/wp-json\/wp\/v2\/pages\/1445\/revisions\/2109"}],"wp:attachment":[{"href":"https:\/\/rollambia.net\/it\/wp-json\/wp\/v2\/media?parent=1445"}],"curies":[{"name":"wp","href":"https:\/\/api.w.org\/{rel}","templated":true}]}}