{"id":1440,"date":"2026-01-20T12:08:23","date_gmt":"2026-01-20T12:08:23","guid":{"rendered":"https:\/\/bonuskongcasino.com\/app\/"},"modified":"2026-02-26T12:00:42","modified_gmt":"2026-02-26T12:00:42","slug":"app","status":"publish","type":"page","link":"https:\/\/rollambia.net\/fr\/app\/","title":{"rendered":"App"},"content":{"rendered":"<h1>Application Mobile Rollambia<\/h1>\n<p>Rollambia app, c&rsquo;est comme avoir un mini-casino dans sa poche. Gr\u00e2ce aux fonctionnalit\u00e9s sp\u00e9cifiques au mobile, aux temps de chargement rapides et aux performances optimis\u00e9es de l&rsquo;application, vous pouvez jouer quand vous le souhaitez. Jouez \u00e0 vos machines \u00e0 sous pr\u00e9f\u00e9r\u00e9es, \u00e0 des jeux de croupier en direct ou \u00e0 des jeux de table avec une rapidit\u00e9 et une facilit\u00e9 fulgurantes sur l&rsquo;application Rollambia.<\/p>\n<div class=\"banner-wrap\" aria-label=\"Banner\"><img src=\"https:\/\/rollambia.net\/wp-content\/uploads\/rollambia-bnr-pc.webp\" class=\"w-100 d-none d-lg-block img-pc main-banner-img\" alt=\"rollambia banner pc\" fetchpriority=\"high\" decoding=\"async\"><img src=\"https:\/\/rollambia.net\/wp-content\/uploads\/rollambia-bnr-mob.webp\" class=\"w-100 d-none d-md-block d-lg-none main-banner-img\" alt=\"rollambia banner mobile\" fetchpriority=\"high\" decoding=\"async\"><img src=\"https:\/\/rollambia.net\/wp-content\/uploads\/rollambia-bnr-mob.webp\" class=\"w-100 d-md-none\" alt=\"rollambia banner mobile\" fetchpriority=\"high\" decoding=\"async\"><div class=\"banner-description\">\n<div class=\"banner-title\">Bonus de bienvenue<\/div>\n<p class=\"banner-header-title\">1500 \u20ac<\/p>\n<div class=\"banner-header-AdditionalText\">+ 250 Tours gratuits<\/div>\n<button data-item=\"homepage_banner_link\" class=\"goto m-button m-gradient-border m-button--primary m-button--large banner-button btn-orange\">\n            <div class=\"m-button-content\">\n                <span>Inscrivez-vous d\u00e8s maintenant<\/span>\n                <span><\/span>\n            <\/div>\n        <\/button>\n<\/div>\n<div class=\"WelcomePack\">\n<p><img loading=\"lazy\" decoding=\"async\" class=\"alignnone size-full wp-image-1902\" src=\"https:\/\/rollambia.net\/wp-content\/uploads\/welcome-crown.png\" alt=\"welcome-crown\" width=\"25\" height=\"26\" \/><\/p>\n<div class=\"WelcomePack-Info\">Cashback hebdomadaire jusqu&rsquo;\u00e0 25 %<\/div>\n<p><img loading=\"lazy\" decoding=\"async\" class=\"alignnone size-full wp-image-1902\" src=\"https:\/\/rollambia.net\/wp-content\/uploads\/welcome-crown.png\" alt=\"welcome-crown\" width=\"25\" height=\"26\" \/><\/p>\n<\/div>\n<\/div>\n<h2>Avantages de l&rsquo;Application Rollambia<\/h2>\n<p>L&rsquo;application Rollambia poss\u00e8de des fonctionnalit\u00e9s astucieuses qui rendent le jeu en d\u00e9placement plus amusant que sur un ordinateur de bureau ou portable. Con\u00e7ue sp\u00e9cifiquement pour les appareils mobiles, l&rsquo;application surpasse la version web en termes de vitesse et de consommation de donn\u00e9es.<\/p>\n<p>M\u00eame sur des \u00e9crans plus petits, l&rsquo;interface optimis\u00e9e s&rsquo;ajuste automatiquement \u00e0 vos besoins, rendant la navigation tr\u00e8s simple. Compar\u00e9e \u00e0 l&rsquo;utilisation d&rsquo;un navigateur web, l&rsquo;exp\u00e9rience utilisateur globale est plus fluide, les graphiques se chargent plus vite et les transactions se terminent plus rapidement.<\/p>\n<table>\n<tbody>\n<tr>\n<td>Fonctionnalit\u00e9<\/td>\n<td>Application Mobile<\/td>\n<td>Version PC<\/td>\n<\/tr>\n<tr>\n<td>Vitesse de chargement<\/td>\n<td>Extr\u00eamement rapide<\/td>\n<td>Rapide<\/td>\n<\/tr>\n<tr>\n<td>Consommation de donn\u00e9es<\/td>\n<td>R\u00e9duite<\/td>\n<td>Plus \u00e9lev\u00e9e<\/td>\n<\/tr>\n<tr>\n<td>Acc\u00e8s en un seul toucher<\/td>\n<td>Oui<\/td>\n<td>N\u00e9cessite un navigateur<\/td>\n<\/tr>\n<\/tbody>\n<\/table>\n<p>De plus, l&rsquo;application vous garde connect\u00e9 automatiquement, ce qui vous fait gagner du temps \u00e0 chaque ouverture. Vous pouvez recevoir des notifications push concernant les nouvelles offres, les bonus et les mises \u00e0 jour importantes de votre compte sans avoir \u00e0 v\u00e9rifier constamment votre compte.<\/p>\n<p><div class=\"scrollable-content-wrap my-5\"><div class=\"scrollable-content-inner\"><h2>Comment Jouer \u00e0 Rollambia sur iPhone et iPad<\/h2>\n<p>Il est facile d&rsquo;installer l&rsquo;application Rollambia sur les appareils iOS et vous n&rsquo;avez pas besoin de la t\u00e9l\u00e9charger depuis l&rsquo;App Store. Le casino Rollambia utilise la technologie Progressive Web App (PWA) qui fonctionne parfaitement sur tous les appareils Apple.<\/p>\n<h3>Guide d&rsquo;Installation \u00c9tape par \u00c9tape pour iOS<\/h3>\n<ol>\n<li>Sur un appareil iOS, lancez Safari pour acc\u00e9der au site web de Rollambia.<\/li>\n<li>Trouvez l&rsquo;ic\u00f4ne de l&rsquo;application casino dans le menu principal du site web une fois la page enti\u00e8rement charg\u00e9e.<\/li>\n<li>Appuyez sur le bouton Partage (le carr\u00e9 avec la fl\u00e8che vers le haut) en bas de votre \u00e9cran.<\/li>\n<li>Faites d\u00e9filer vers le bas le menu qui appara\u00eet et s\u00e9lectionnez \u00ab\u00a0Ajouter \u00e0 l&rsquo;\u00e9cran d&rsquo;accueil\u00a0\u00bb.<\/li>\n<li>Le nom de l&rsquo;application est personnalisable, mais il est pr\u00e9f\u00e9rable de conserver le nom par d\u00e9faut \u00ab\u00a0Rollambia\u00a0\u00bb pour plus de simplicit\u00e9.<\/li>\n<li>Appuyez sur \u00ab\u00a0Ajouter\u00a0\u00bb dans le coin sup\u00e9rieur droit pour terminer l&rsquo;installation.<\/li>\n<\/ol>\n<p>L&rsquo;ic\u00f4ne de Rollambia appara\u00eetra sur votre \u00e9cran d&rsquo;accueil. En la tapotant, l&rsquo;application s&rsquo;ouvrira en mode plein \u00e9cran, offrant une exp\u00e9rience de jeu identique \u00e0 une application native.<\/p>\n<p><img loading=\"lazy\" decoding=\"async\" class=\"alignnone wp-image-1976 size-full\" src=\"https:\/\/rollambia.net\/wp-content\/uploads\/Rollambia-iOS.webp\" alt=\"Rollambia iOS\" width=\"1248\" height=\"536\" srcset=\"https:\/\/rollambia.net\/wp-content\/uploads\/Rollambia-iOS.webp 1248w, https:\/\/rollambia.net\/wp-content\/uploads\/Rollambia-iOS-300x129.webp 300w, https:\/\/rollambia.net\/wp-content\/uploads\/Rollambia-iOS-1024x440.webp 1024w, https:\/\/rollambia.net\/wp-content\/uploads\/Rollambia-iOS-768x330.webp 768w\" sizes=\"auto, (max-width: 1248px) 100vw, 1248px\" \/><\/p>\n<\/div><\/div><div style=\"clear: both\"><\/div><div class=\"d-flex justify-content-center\"><button data-item=\"decouvrez_link\" data-group=\"website_links\" class=\"goto fw-bold rounded-pill btn btn-orange\" aria-label=\"T\u00e9l\u00e9chargez l&#039;application Rollambia\" >T\u00e9l\u00e9chargez l&#039;application Rollambia<\/button><\/div><div class=\"scrollable-content-wrap my-5\"><div class=\"scrollable-content-inner\"><h2>T\u00e9l\u00e9charger et Utiliser l&rsquo;Application sur Android<\/h2>\n<p>Les utilisateurs Android ont la flexibilit\u00e9 d&rsquo;installer l&rsquo;application Rollambia de deux mani\u00e8res diff\u00e9rentes, selon leurs pr\u00e9f\u00e9rences.<\/p>\n<p>Utiliser le navigateur Chrome est la fa\u00e7on la plus simple.<\/p>\n<ol>\n<li>Ouvrez Chrome sur votre appareil et visitez le site web de Rollambia.<\/li>\n<li>Cliquez sur les trois points dans le coin sup\u00e9rieur droit de l&rsquo;\u00e9cran.<\/li>\n<li>Dans le menu qui appara\u00eet, s\u00e9lectionnez \u00ab\u00a0Ajouter \u00e0 l&rsquo;\u00e9cran d&rsquo;accueil\u00a0\u00bb.<\/li>\n<li>Pour confirmer, appuyez sur \u00ab\u00a0Ajouter\u00a0\u00bb. L&rsquo;ic\u00f4ne appara\u00eetra sur l&rsquo;\u00e9cran d&rsquo;accueil de votre t\u00e9l\u00e9phone.<\/li>\n<\/ol>\n<p>Vous pouvez \u00e9galement cr\u00e9er un raccourci depuis le tiroir d&rsquo;applications.<\/p>\n<ol>\n<li>Pour ouvrir le tiroir d&rsquo;applications, faites glisser votre doigt vers le haut depuis le bas de l&rsquo;\u00e9cran d&rsquo;accueil.<\/li>\n<li>Appuyez de mani\u00e8re prolong\u00e9e sur l&rsquo;ic\u00f4ne de l&rsquo;application pour l&rsquo;ajouter.<\/li>\n<li>Faites glisser l&rsquo;ic\u00f4ne \u00e0 l&rsquo;endroit souhait\u00e9 sur l&rsquo;\u00e9cran d&rsquo;accueil et rel\u00e2chez.<\/li>\n<li>L&rsquo;application restera l\u00e0 pour un acc\u00e8s instantan\u00e9 \u00e0 tout moment.<\/li>\n<\/ol>\n<p>Utilisez le chat en direct ou l&rsquo;e-mail pour communiquer avec l&rsquo;\u00e9quipe d&rsquo;assistance client si vous avez des questions concernant le processus d&rsquo;installation ou le processus de v\u00e9rification de l&rsquo;application.<\/p>\n<h3>S\u00e9curit\u00e9 et Protection dans l&rsquo;Application<\/h3>\n<p>L&rsquo;application Rollambia int\u00e8gre des syst\u00e8mes de s\u00e9curit\u00e9 avanc\u00e9s pour prot\u00e9ger vos donn\u00e9es personnelles et financi\u00e8res. Toutes les donn\u00e9es envoy\u00e9es et re\u00e7ues entre votre appareil et nos serveurs sont chiffr\u00e9es en toute s\u00e9curit\u00e9 \u00e0 l&rsquo;aide de la technologie SSL 256 bits.<\/p>\n<p>Plusieurs couches de v\u00e9rification prot\u00e8gent les d\u00e9p\u00f4ts et les retraits. Le syst\u00e8me scanne automatiquement toute activit\u00e9 suspecte dans chaque transaction et vous notifie imm\u00e9diatement si quelque chose d&rsquo;inhabituel se produit sur votre compte.<\/p>\n<p>L&rsquo;Autorit\u00e9 Internationale de Protection des Donn\u00e9es fixe les r\u00e8gles concernant la mani\u00e8re dont vos informations personnelles sont stock\u00e9es sur des serveurs s\u00e9curis\u00e9s. L&rsquo;application ne stocke pas localement sur votre appareil les informations de paiement sensibles, ce qui r\u00e9duit le risque de perte ou de vol en cas de perte ou de vol de l&rsquo;appareil.<\/p>\n<p><img loading=\"lazy\" decoding=\"async\" class=\"alignnone wp-image-1952 size-full\" src=\"https:\/\/rollambia.net\/wp-content\/uploads\/Rollambia-Android.webp\" alt=\"Rollambia Android\" width=\"1248\" height=\"536\" srcset=\"https:\/\/rollambia.net\/wp-content\/uploads\/Rollambia-Android.webp 1248w, https:\/\/rollambia.net\/wp-content\/uploads\/Rollambia-Android-300x129.webp 300w, https:\/\/rollambia.net\/wp-content\/uploads\/Rollambia-Android-1024x440.webp 1024w, https:\/\/rollambia.net\/wp-content\/uploads\/Rollambia-Android-768x330.webp 768w\" sizes=\"auto, (max-width: 1248px) 100vw, 1248px\" \/><\/p>\n<\/div><\/div><div style=\"clear: both\"><\/div><div class=\"d-flex justify-content-center\"><button data-item=\"decouvrez_link\" data-group=\"website_links\" class=\"goto fw-bold rounded-pill btn btn-orange\" aria-label=\"T\u00e9l\u00e9chargez l&#039;application Rollambia\" >T\u00e9l\u00e9chargez l&#039;application Rollambia<\/button><\/div><div class=\"scrollable-content-wrap my-5\"><div class=\"scrollable-content-inner\"><h2><b>Rollambia depuis un PC ou un Mac<\/b><\/h2>\n<p><span style=\"font-weight: 400\">Bien que l&rsquo;application Rollambia soit con\u00e7ue pour les appareils <\/span><span style=\"font-weight: 400\">mobiles de casino<\/span><span style=\"font-weight: 400\">, vous pouvez avoir la m\u00eame exp\u00e9rience sur votre ordinateur. Vous pouvez utiliser la plateforme sur les ordinateurs Windows et Mac via un navigateur web.<\/span><\/p>\n<ol>\n<li><span style=\"font-weight: 400\">Ouvrez Chrome ou Safari et allez sur le site web de Rollambia pour y acc\u00e9der imm\u00e9diatement depuis votre bureau.<\/span><\/li>\n<li><span style=\"font-weight: 400\">Dans Chrome, cliquez sur l&rsquo;ic\u00f4ne des trois points dans le coin sup\u00e9rieur droit et s\u00e9lectionnez \u00ab\u00a0Enregistrer et partager\u00a0\u00bb &gt; \u00ab\u00a0Cr\u00e9er un raccourci\u00a0\u00bb.<\/span><\/li>\n<li><span style=\"font-weight: 400\">Assurez-vous de s\u00e9lectionner \u00ab\u00a0Ouvrir en tant que fen\u00eatre\u00a0\u00bb pour avoir une application autonome.<\/span><\/li>\n<\/ol>\n<p><span style=\"font-weight: 400\">Sur Mac avec Safari, le processus est similaire \u00e0 iOS. Utilisez le menu \u00ab\u00a0Fichier\u00a0\u00bb &gt; \u00ab\u00a0Ajouter au Dock\u00a0\u00bb pour un acc\u00e8s rapide. La version bureau offre un \u00e9cran plus large pour une meilleure visualisation des jeux de casino en direct et plus d&rsquo;espace pour le multit\u00e2che.<\/span><\/p>\n<p><img loading=\"lazy\" decoding=\"async\" class=\"alignnone wp-image-1968 size-full\" src=\"https:\/\/rollambia.net\/wp-content\/uploads\/Rollambia-Desktop.webp\" alt=\"Rollambia Desktop\" width=\"1248\" height=\"536\" srcset=\"https:\/\/rollambia.net\/wp-content\/uploads\/Rollambia-Desktop.webp 1248w, https:\/\/rollambia.net\/wp-content\/uploads\/Rollambia-Desktop-300x129.webp 300w, https:\/\/rollambia.net\/wp-content\/uploads\/Rollambia-Desktop-1024x440.webp 1024w, https:\/\/rollambia.net\/wp-content\/uploads\/Rollambia-Desktop-768x330.webp 768w\" sizes=\"auto, (max-width: 1248px) 100vw, 1248px\" \/><\/p>\n<\/div><\/div><div style=\"clear: both\"><\/div><div class=\"d-flex justify-content-center\"><button data-item=\"decouvrez_link\" data-group=\"website_links\" class=\"goto fw-bold rounded-pill btn btn-orange\" aria-label=\"T\u00e9l\u00e9chargez l&#039;application Rollambia\" >T\u00e9l\u00e9chargez l&#039;application Rollambia<\/button><\/div><div class=\"scrollable-content-wrap my-5\"><div class=\"scrollable-content-inner\"><h2>Foire Aux Questions<\/h2>\n<h3>Que dois-je faire si l&rsquo;application se bloque constamment ?<\/h3>\n<p>Il est recommand\u00e9 de commencer par red\u00e9marrer votre appareil si vous rencontrez des probl\u00e8mes de stabilit\u00e9 avec l&rsquo;application Rollambia. La m\u00e9moire temporaire est effac\u00e9e, ce qui permet de r\u00e9soudre un grand nombre de probl\u00e8mes.<\/p>\n<h3>Mes d\u00e9p\u00f4ts sont-ils s\u00fbrs lorsque j&rsquo;utilise l&rsquo;application mobile ?<\/h3>\n<p>La s\u00e9curit\u00e9 des d\u00e9p\u00f4ts effectu\u00e9s via l&rsquo;application Rollambia est comparable \u00e0 celle des d\u00e9p\u00f4ts effectu\u00e9s depuis un ordinateur de bureau. Semblable \u00e0 la version bureau, l&rsquo;application mobile utilise la m\u00eame infrastructure de chiffrement et de s\u00e9curit\u00e9.<\/p>\n<h3>Pourquoi devrais-je utiliser l&rsquo;application officielle au lieu du site web ?<\/h3>\n<p>Compar\u00e9e \u00e0 un navigateur web, l&rsquo;application officielle Rollambia offre des performances sup\u00e9rieures, ce qui n&rsquo;est pas possible avec un navigateur. Les transactions sont termin\u00e9es plus rapidement, l&rsquo;exp\u00e9rience globale est plus rationalis\u00e9e et les machines \u00e0 sous en ligne se chargent plus vite.<\/p>\n<\/div><\/div><\/p>\n","protected":false},"excerpt":{"rendered":"<p>Application Mobile Rollambia Rollambia app, c&rsquo;est comme avoir un mini-casino dans sa poche. Gr\u00e2ce aux fonctionnalit\u00e9s sp\u00e9cifiques au mobile, aux temps de chargement rapides et aux performances optimis\u00e9es de l&rsquo;application, vous pouvez jouer quand vous le souhaitez. Jouez \u00e0 vos machines \u00e0 sous pr\u00e9f\u00e9r\u00e9es, \u00e0 des jeux de croupier en direct ou \u00e0 des jeux [&hellip;]<\/p>\n","protected":false},"author":1,"featured_media":0,"parent":0,"menu_order":0,"comment_status":"closed","ping_status":"closed","template":"template-builder.php","meta":{"_acf_changed":false,"inline_featured_image":false,"footnotes":""},"class_list":["post-1440","page","type-page","status-publish","hentry"],"acf":[],"yoast_head":"<!-- This site is optimized with the Yoast SEO plugin v27.3 - https:\/\/yoast.com\/product\/yoast-seo-wordpress\/ -->\n<title>Rollambia Casino App pour iOS et Android<\/title>\n<meta name=\"description\" content=\"T\u00e9l\u00e9chargez Roll Ambia app sur Android ou iOS et acc\u00e9dez instantan\u00e9ment \u00e0 une immense ludoth\u00e8que. Participez \u00e0 des jackpots, des tournois et des promotions exclusives directement depuis votre appareil.\" \/>\n<meta name=\"robots\" content=\"index, follow, max-snippet:-1, max-image-preview:large, max-video-preview:-1\" \/>\n<link rel=\"canonical\" href=\"https:\/\/rollambia.net\/fr\/app\/\" \/>\n<meta property=\"og:locale\" content=\"fr_FR\" \/>\n<meta property=\"og:type\" content=\"article\" \/>\n<meta property=\"og:title\" content=\"Rollambia Casino App pour iOS et Android\" \/>\n<meta property=\"og:description\" content=\"T\u00e9l\u00e9chargez Roll Ambia app sur Android ou iOS et acc\u00e9dez instantan\u00e9ment \u00e0 une immense ludoth\u00e8que. Participez \u00e0 des jackpots, des tournois et des promotions exclusives directement depuis votre appareil.\" \/>\n<meta property=\"og:url\" content=\"https:\/\/rollambia.net\/fr\/app\/\" \/>\n<meta property=\"og:site_name\" content=\"Rollambia\" \/>\n<meta property=\"article:modified_time\" content=\"2026-02-26T12:00:42+00:00\" \/>\n<meta name=\"twitter:card\" content=\"summary_large_image\" \/>\n<meta name=\"twitter:label1\" content=\"Dur\u00e9e de lecture estim\u00e9e\" \/>\n\t<meta name=\"twitter:data1\" content=\"2 minutes\" \/>\n<script type=\"application\/ld+json\" class=\"yoast-schema-graph\">{\"@context\":\"https:\\\/\\\/schema.org\",\"@graph\":[{\"@type\":\"WebPage\",\"@id\":\"https:\\\/\\\/rollambia.net\\\/fr\\\/app\\\/\",\"url\":\"https:\\\/\\\/rollambia.net\\\/fr\\\/app\\\/\",\"name\":\"Rollambia Casino App pour iOS et Android\",\"isPartOf\":{\"@id\":\"https:\\\/\\\/rollambia.net\\\/fr\\\/#website\"},\"datePublished\":\"2026-01-20T12:08:23+00:00\",\"dateModified\":\"2026-02-26T12:00:42+00:00\",\"description\":\"T\u00e9l\u00e9chargez Roll Ambia app sur Android ou iOS et acc\u00e9dez instantan\u00e9ment \u00e0 une immense ludoth\u00e8que. Participez \u00e0 des jackpots, des tournois et des promotions exclusives directement depuis votre appareil.\",\"breadcrumb\":{\"@id\":\"https:\\\/\\\/rollambia.net\\\/fr\\\/app\\\/#breadcrumb\"},\"inLanguage\":\"fr-FR\",\"potentialAction\":[{\"@type\":\"ReadAction\",\"target\":[\"https:\\\/\\\/rollambia.net\\\/fr\\\/app\\\/\"]}]},{\"@type\":\"BreadcrumbList\",\"@id\":\"https:\\\/\\\/rollambia.net\\\/fr\\\/app\\\/#breadcrumb\",\"itemListElement\":[{\"@type\":\"ListItem\",\"position\":1,\"name\":\"Rollambia\",\"item\":\"https:\\\/\\\/rollambia.net\\\/fr\\\/\"},{\"@type\":\"ListItem\",\"position\":2,\"name\":\"App\"}]},{\"@type\":\"WebSite\",\"@id\":\"https:\\\/\\\/rollambia.net\\\/fr\\\/#website\",\"url\":\"https:\\\/\\\/rollambia.net\\\/fr\\\/\",\"name\":\"Rollambia\",\"description\":\"\",\"publisher\":{\"@id\":\"https:\\\/\\\/rollambia.net\\\/fr\\\/#organization\"},\"potentialAction\":[{\"@type\":\"SearchAction\",\"target\":{\"@type\":\"EntryPoint\",\"urlTemplate\":\"https:\\\/\\\/rollambia.net\\\/fr\\\/?s={search_term_string}\"},\"query-input\":{\"@type\":\"PropertyValueSpecification\",\"valueRequired\":true,\"valueName\":\"search_term_string\"}}],\"inLanguage\":\"fr-FR\"},{\"@type\":\"Organization\",\"@id\":\"https:\\\/\\\/rollambia.net\\\/fr\\\/#organization\",\"name\":\"Rollambia\",\"url\":\"https:\\\/\\\/rollambia.net\\\/fr\\\/\",\"logo\":{\"@type\":\"ImageObject\",\"inLanguage\":\"fr-FR\",\"@id\":\"https:\\\/\\\/rollambia.net\\\/fr\\\/#\\\/schema\\\/logo\\\/image\\\/\",\"url\":\"https:\\\/\\\/rollambia.net\\\/wp-content\\\/uploads\\\/2026\\\/02\\\/cropped-logo-e1772095679432-1.png\",\"contentUrl\":\"https:\\\/\\\/rollambia.net\\\/wp-content\\\/uploads\\\/2026\\\/02\\\/cropped-logo-e1772095679432-1.png\",\"width\":206,\"height\":47,\"caption\":\"Rollambia\"},\"image\":{\"@id\":\"https:\\\/\\\/rollambia.net\\\/fr\\\/#\\\/schema\\\/logo\\\/image\\\/\"}}]}<\/script>\n<!-- \/ Yoast SEO plugin. -->","yoast_head_json":{"title":"Rollambia Casino App pour iOS et Android","description":"T\u00e9l\u00e9chargez Roll Ambia app sur Android ou iOS et acc\u00e9dez instantan\u00e9ment \u00e0 une immense ludoth\u00e8que. Participez \u00e0 des jackpots, des tournois et des promotions exclusives directement depuis votre appareil.","robots":{"index":"index","follow":"follow","max-snippet":"max-snippet:-1","max-image-preview":"max-image-preview:large","max-video-preview":"max-video-preview:-1"},"canonical":"https:\/\/rollambia.net\/fr\/app\/","og_locale":"fr_FR","og_type":"article","og_title":"Rollambia Casino App pour iOS et Android","og_description":"T\u00e9l\u00e9chargez Roll Ambia app sur Android ou iOS et acc\u00e9dez instantan\u00e9ment \u00e0 une immense ludoth\u00e8que. Participez \u00e0 des jackpots, des tournois et des promotions exclusives directement depuis votre appareil.","og_url":"https:\/\/rollambia.net\/fr\/app\/","og_site_name":"Rollambia","article_modified_time":"2026-02-26T12:00:42+00:00","twitter_card":"summary_large_image","twitter_misc":{"Dur\u00e9e de lecture estim\u00e9e":"2 minutes"},"schema":{"@context":"https:\/\/schema.org","@graph":[{"@type":"WebPage","@id":"https:\/\/rollambia.net\/fr\/app\/","url":"https:\/\/rollambia.net\/fr\/app\/","name":"Rollambia Casino App pour iOS et Android","isPartOf":{"@id":"https:\/\/rollambia.net\/fr\/#website"},"datePublished":"2026-01-20T12:08:23+00:00","dateModified":"2026-02-26T12:00:42+00:00","description":"T\u00e9l\u00e9chargez Roll Ambia app sur Android ou iOS et acc\u00e9dez instantan\u00e9ment \u00e0 une immense ludoth\u00e8que. Participez \u00e0 des jackpots, des tournois et des promotions exclusives directement depuis votre appareil.","breadcrumb":{"@id":"https:\/\/rollambia.net\/fr\/app\/#breadcrumb"},"inLanguage":"fr-FR","potentialAction":[{"@type":"ReadAction","target":["https:\/\/rollambia.net\/fr\/app\/"]}]},{"@type":"BreadcrumbList","@id":"https:\/\/rollambia.net\/fr\/app\/#breadcrumb","itemListElement":[{"@type":"ListItem","position":1,"name":"Rollambia","item":"https:\/\/rollambia.net\/fr\/"},{"@type":"ListItem","position":2,"name":"App"}]},{"@type":"WebSite","@id":"https:\/\/rollambia.net\/fr\/#website","url":"https:\/\/rollambia.net\/fr\/","name":"Rollambia","description":"","publisher":{"@id":"https:\/\/rollambia.net\/fr\/#organization"},"potentialAction":[{"@type":"SearchAction","target":{"@type":"EntryPoint","urlTemplate":"https:\/\/rollambia.net\/fr\/?s={search_term_string}"},"query-input":{"@type":"PropertyValueSpecification","valueRequired":true,"valueName":"search_term_string"}}],"inLanguage":"fr-FR"},{"@type":"Organization","@id":"https:\/\/rollambia.net\/fr\/#organization","name":"Rollambia","url":"https:\/\/rollambia.net\/fr\/","logo":{"@type":"ImageObject","inLanguage":"fr-FR","@id":"https:\/\/rollambia.net\/fr\/#\/schema\/logo\/image\/","url":"https:\/\/rollambia.net\/wp-content\/uploads\/2026\/02\/cropped-logo-e1772095679432-1.png","contentUrl":"https:\/\/rollambia.net\/wp-content\/uploads\/2026\/02\/cropped-logo-e1772095679432-1.png","width":206,"height":47,"caption":"Rollambia"},"image":{"@id":"https:\/\/rollambia.net\/fr\/#\/schema\/logo\/image\/"}}]}},"_links":{"self":[{"href":"https:\/\/rollambia.net\/fr\/wp-json\/wp\/v2\/pages\/1440","targetHints":{"allow":["GET"]}}],"collection":[{"href":"https:\/\/rollambia.net\/fr\/wp-json\/wp\/v2\/pages"}],"about":[{"href":"https:\/\/rollambia.net\/fr\/wp-json\/wp\/v2\/types\/page"}],"author":[{"embeddable":true,"href":"https:\/\/rollambia.net\/fr\/wp-json\/wp\/v2\/users\/1"}],"replies":[{"embeddable":true,"href":"https:\/\/rollambia.net\/fr\/wp-json\/wp\/v2\/comments?post=1440"}],"version-history":[{"count":4,"href":"https:\/\/rollambia.net\/fr\/wp-json\/wp\/v2\/pages\/1440\/revisions"}],"predecessor-version":[{"id":2069,"href":"https:\/\/rollambia.net\/fr\/wp-json\/wp\/v2\/pages\/1440\/revisions\/2069"}],"wp:attachment":[{"href":"https:\/\/rollambia.net\/fr\/wp-json\/wp\/v2\/media?parent=1440"}],"curies":[{"name":"wp","href":"https:\/\/api.w.org\/{rel}","templated":true}]}}