{"id":1449,"date":"2026-01-20T12:08:23","date_gmt":"2026-01-20T12:08:23","guid":{"rendered":"https:\/\/bonuskongcasino.com\/app-2\/"},"modified":"2026-02-27T07:56:28","modified_gmt":"2026-02-27T07:56:28","slug":"aplicacion","status":"publish","type":"page","link":"https:\/\/rollambia.net\/es\/aplicacion\/","title":{"rendered":"Aplicaci\u00f3n"},"content":{"rendered":"<h1>Aplicaci\u00f3n M\u00f3vil de Rollambia<\/h1>\n<p>La Rollambia app es como llevar un mini-casino en tu bolsillo. Con las funciones espec\u00edficas para m\u00f3viles de la aplicaci\u00f3n, tiempos de carga r\u00e1pidos y rendimiento optimizado, puedes jugar cuando quieras. Juega a tus m\u00e1quinas tragamonedas favoritas, juegos con crupier en vivo o juegos de mesa con velocidad y facilidad asombrosas en la aplicaci\u00f3n de Rollambia.<\/p>\n<div class=\"banner-wrap\" aria-label=\"Banner\"><img src=\"https:\/\/rollambia.net\/wp-content\/uploads\/rollambia-bnr-pc.webp\" class=\"w-100 d-none d-lg-block img-pc main-banner-img\" alt=\"rollambia banner pc\" fetchpriority=\"high\" decoding=\"async\"><img src=\"https:\/\/rollambia.net\/wp-content\/uploads\/rollambia-bnr-mob.webp\" class=\"w-100 d-none d-md-block d-lg-none main-banner-img\" alt=\"rollambia banner mobile\" fetchpriority=\"high\" decoding=\"async\"><img src=\"https:\/\/rollambia.net\/wp-content\/uploads\/rollambia-bnr-mob.webp\" class=\"w-100 d-md-none\" alt=\"rollambia banner mobile\" fetchpriority=\"high\" decoding=\"async\"><div class=\"banner-description\">\n<div class=\"banner-title\">Bonos de bienvenida<\/div>\n<p class=\"banner-header-title\">1500 \u20ac<\/p>\n<div class=\"banner-header-AdditionalText\">+ 250 Tiradas gratis<\/div>\n<button data-item=\"homepage_banner_link\" class=\"goto m-button m-gradient-border m-button--primary m-button--large banner-button btn-orange\">\n            <div class=\"m-button-content\">\n                <span>Reg\u00edstrate ahora<\/span>\n                <span><\/span>\n            <\/div>\n        <\/button>\n<\/div>\n<div class=\"WelcomePack\">\n<p><img loading=\"lazy\" decoding=\"async\" class=\"alignnone size-full wp-image-1907\" src=\"https:\/\/rollambia.net\/wp-content\/uploads\/welcome-crown.png\" alt=\"welcome-crown\" width=\"25\" height=\"26\" \/><\/p>\n<div class=\"WelcomePack-Info\">Reembolso semanal de hasta el 25 %<\/div>\n<p><img loading=\"lazy\" decoding=\"async\" class=\"alignnone size-full wp-image-1907\" src=\"https:\/\/rollambia.net\/wp-content\/uploads\/welcome-crown.png\" alt=\"welcome-crown\" width=\"25\" height=\"26\" \/><\/p>\n<\/div>\n<\/div>\n<h2>Ventajas de la Aplicaci\u00f3n de Rollambia<\/h2>\n<p>La aplicaci\u00f3n de Rollambia tiene algunas caracter\u00edsticas interesantes que hacen que jugar sobre la marcha sea m\u00e1s divertido que en una computadora de escritorio o port\u00e1til. Construida espec\u00edficamente para dispositivos m\u00f3viles, la aplicaci\u00f3n supera a la versi\u00f3n web en t\u00e9rminos de velocidad y consumo de datos.<\/p>\n<p>Incluso en pantallas m\u00e1s peque\u00f1as, la interfaz optimizada se ajusta autom\u00e1ticamente a tus necesidades, haciendo que la navegaci\u00f3n sea muy f\u00e1cil. En comparaci\u00f3n con el uso de un navegador web, la experiencia general del usuario es m\u00e1s fluida, los gr\u00e1ficos se cargan m\u00e1s r\u00e1pido y las transacciones se completan m\u00e1s r\u00e1pidamente.<\/p>\n<table>\n<tbody>\n<tr>\n<td>Caracter\u00edstica<\/td>\n<td>Aplicaci\u00f3n M\u00f3vil<\/td>\n<td>Versi\u00f3n para PC<\/td>\n<\/tr>\n<tr>\n<td>Velocidad de Carga<\/td>\n<td>Extremadamente r\u00e1pida<\/td>\n<td>R\u00e1pida<\/td>\n<\/tr>\n<tr>\n<td>Consumo de Datos<\/td>\n<td>Reducido<\/td>\n<td>Mayor<\/td>\n<\/tr>\n<tr>\n<td>Acceso con un toque<\/td>\n<td>S\u00ed<\/td>\n<td>Requiere un navegador<\/td>\n<\/tr>\n<\/tbody>\n<\/table>\n<p>Adem\u00e1s, la aplicaci\u00f3n te mantiene conectado autom\u00e1ticamente, lo que te ahorra tiempo cada vez que la abres. Puedes recibir notificaciones push sobre nuevas ofertas, bonificaciones y actualizaciones importantes de tu cuenta sin tener que revisar tu cuenta constantemente.<\/p>\n<p><div class=\"scrollable-content-wrap my-5\"><div class=\"scrollable-content-inner\"><h2>C\u00f3mo Jugar a Rollambia en iPhone y iPad<\/h2>\n<p>Es f\u00e1cil instalar la aplicaci\u00f3n de Rollambia en dispositivos iOS y no necesitas descargarla desde la App Store. El casino Rollambia utiliza la tecnolog\u00eda Progressive Web App (PWA) que funciona perfectamente en todos los dispositivos Apple.<\/p>\n<h3>Gu\u00eda de Instalaci\u00f3n Paso a Paso para iOS<\/h3>\n<ol>\n<li>En un dispositivo iOS, inicia Safari para acceder al sitio web de Rollambia.<\/li>\n<li>Encuentra el icono de la aplicaci\u00f3n del casino en el men\u00fa principal del sitio web despu\u00e9s de que la p\u00e1gina se cargue completamente.<\/li>\n<li>Presiona el bot\u00f3n Compartir (el cuadrado con la flecha hacia arriba) en la parte inferior de tu pantalla.<\/li>\n<li>Despl\u00e1zate hacia abajo en el men\u00fa que aparece y selecciona &#8220;Agregar a la pantalla de inicio&#8221;.<\/li>\n<li>El nombre de la aplicaci\u00f3n se puede personalizar, pero es mejor mantener el predeterminado &#8220;Rollambia&#8221; por simplicidad.<\/li>\n<li>Presiona &#8220;Agregar&#8221; en la esquina superior derecha para completar la instalaci\u00f3n.<\/li>\n<\/ol>\n<p>El icono de Rollambia aparecer\u00e1 en tu pantalla de inicio. Al tocarlo, la aplicaci\u00f3n se abrir\u00e1 en modo de pantalla completa, ofreciendo una experiencia de juego id\u00e9ntica a una aplicaci\u00f3n nativa.<\/p>\n<p><img loading=\"lazy\" decoding=\"async\" class=\"alignnone wp-image-1981 size-full\" src=\"https:\/\/rollambia.net\/wp-content\/uploads\/Rollambia-iOS.webp\" alt=\"Rollambia iOS\" width=\"1248\" height=\"536\" srcset=\"https:\/\/rollambia.net\/wp-content\/uploads\/Rollambia-iOS.webp 1248w, https:\/\/rollambia.net\/wp-content\/uploads\/Rollambia-iOS-300x129.webp 300w, https:\/\/rollambia.net\/wp-content\/uploads\/Rollambia-iOS-1024x440.webp 1024w, https:\/\/rollambia.net\/wp-content\/uploads\/Rollambia-iOS-768x330.webp 768w\" sizes=\"auto, (max-width: 1248px) 100vw, 1248px\" \/><\/p>\n<\/div><\/div><div style=\"clear: both\"><\/div><div class=\"d-flex justify-content-center\"><button data-item=\"decouvrez_link\" data-group=\"website_links\" class=\"goto fw-bold rounded-pill btn btn-orange\" aria-label=\"Descarga la aplicaci\u00f3n Rollambia\" >Descarga la aplicaci\u00f3n Rollambia<\/button><\/div><div class=\"scrollable-content-wrap my-5\"><div class=\"scrollable-content-inner\"><h2>Descarga y Uso de la Aplicaci\u00f3n en Android<\/h2>\n<p>Los usuarios de Android tienen la flexibilidad de instalar la aplicaci\u00f3n de Rollambia de dos maneras diferentes, seg\u00fan sus preferencias.<\/p>\n<p>Usar el navegador Chrome es la forma m\u00e1s f\u00e1cil.<\/p>\n<ol>\n<li>Abre Chrome en tu dispositivo y visita el sitio web de Rollambia.<\/li>\n<li>Haz clic en los tres puntos en la esquina superior derecha de la pantalla.<\/li>\n<li>En el men\u00fa que aparece, selecciona &#8220;Agregar a la pantalla de inicio&#8221;.<\/li>\n<li>Para confirmar, presiona &#8220;Agregar&#8221;. El icono aparecer\u00e1 en la pantalla de inicio de tu tel\u00e9fono.<\/li>\n<\/ol>\n<p>Tambi\u00e9n puedes crear un acceso directo desde el caj\u00f3n de aplicaciones.<\/p>\n<ol>\n<li>Para abrir el caj\u00f3n de aplicaciones, desliza hacia arriba desde la parte inferior de la pantalla de inicio.<\/li>\n<li>Toca y mant\u00e9n presionado el icono de la aplicaci\u00f3n para agregarlo.<\/li>\n<li>Arrastra el icono al lugar deseado en la pantalla de inicio y su\u00e9ltalo.<\/li>\n<li>La aplicaci\u00f3n permanecer\u00e1 all\u00ed para acceso instant\u00e1neo en cualquier momento.<\/li>\n<\/ol>\n<p>Usa el chat en vivo o el correo electr\u00f3nico para comunicarte con el equipo de soporte al cliente si tienes alguna pregunta sobre el proceso de instalaci\u00f3n o el proceso de verificaci\u00f3n de la aplicaci\u00f3n.<\/p>\n<h3>Seguridad y Protecci\u00f3n en la Aplicaci\u00f3n<\/h3>\n<p>La aplicaci\u00f3n de Rollambia incorpora sistemas de seguridad avanzados para proteger tus datos personales y financieros. Todos los datos enviados y recibidos entre tu dispositivo y nuestros servidores est\u00e1n cifrados de forma segura utilizando tecnolog\u00eda SSL de 256 bits.<\/p>\n<p>M\u00faltiples capas de verificaci\u00f3n protegen los dep\u00f3sitos y retiros. El sistema escanea autom\u00e1ticamente cualquier actividad sospechosa en cada transacci\u00f3n y te notifica inmediatamente si sucede algo inusual en tu cuenta.<\/p>\n<p>La Autoridad Internacional de Protecci\u00f3n de Datos establece las reglas sobre c\u00f3mo se almacena tu informaci\u00f3n personal en servidores seguros. La aplicaci\u00f3n no almacena informaci\u00f3n sensible de pago localmente en tu dispositivo, lo que reduce el riesgo de p\u00e9rdida o robo en caso de que el dispositivo se pierda o sea robado.<\/p>\n<p><img loading=\"lazy\" decoding=\"async\" class=\"alignnone wp-image-1957 size-full\" src=\"https:\/\/rollambia.net\/wp-content\/uploads\/Rollambia-Android.webp\" alt=\"Rollambia Android\" width=\"1248\" height=\"536\" srcset=\"https:\/\/rollambia.net\/wp-content\/uploads\/Rollambia-Android.webp 1248w, https:\/\/rollambia.net\/wp-content\/uploads\/Rollambia-Android-300x129.webp 300w, https:\/\/rollambia.net\/wp-content\/uploads\/Rollambia-Android-1024x440.webp 1024w, https:\/\/rollambia.net\/wp-content\/uploads\/Rollambia-Android-768x330.webp 768w\" sizes=\"auto, (max-width: 1248px) 100vw, 1248px\" \/><\/p>\n<\/div><\/div><div style=\"clear: both\"><\/div><div class=\"d-flex justify-content-center\"><button data-item=\"decouvrez_link\" data-group=\"website_links\" class=\"goto fw-bold rounded-pill btn btn-orange\" aria-label=\"Descarga la aplicaci\u00f3n Rollambia\" >Descarga la aplicaci\u00f3n Rollambia<\/button><\/div><div class=\"scrollable-content-wrap my-5\"><div class=\"scrollable-content-inner\"><h2>Rollambia desde PC o Mac<\/h2>\n<p>Aunque la aplicaci\u00f3n de Rollambia est\u00e1 construida para dispositivos de casino m\u00f3vil, puedes tener la misma experiencia en tu computadora. Puedes usar la plataforma en computadoras Windows y Mac a trav\u00e9s de un navegador web.<\/p>\n<ol>\n<li>Abre Chrome o Safari y ve al sitio web de Rollambia para acceder a \u00e9l inmediatamente desde tu escritorio.<\/li>\n<li>En Chrome, haz clic en el icono de tres puntos en la esquina superior derecha y selecciona &#8220;Guardar y compartir&#8221; &gt; &#8220;Crear acceso directo&#8221;.<\/li>\n<li>Aseg\u00farate de seleccionar &#8220;Abrir como ventana&#8221; para tener una aplicaci\u00f3n independiente.<\/li>\n<\/ol>\n<p>En Mac con Safari, el proceso es similar a iOS. Usa el men\u00fa &#8220;Archivo&#8221; &gt; &#8220;Agregar al Dock&#8221; para un acceso r\u00e1pido. La versi\u00f3n de escritorio ofrece una pantalla m\u00e1s grande para una mejor visualizaci\u00f3n de los juegos de casino en vivo y m\u00e1s espacio para realizar m\u00faltiples tareas.<\/p>\n<p><img loading=\"lazy\" decoding=\"async\" class=\"alignnone wp-image-1973 size-full\" src=\"https:\/\/rollambia.net\/wp-content\/uploads\/Rollambia-Desktop.webp\" alt=\"Rollambia Desktop\" width=\"1248\" height=\"536\" srcset=\"https:\/\/rollambia.net\/wp-content\/uploads\/Rollambia-Desktop.webp 1248w, https:\/\/rollambia.net\/wp-content\/uploads\/Rollambia-Desktop-300x129.webp 300w, https:\/\/rollambia.net\/wp-content\/uploads\/Rollambia-Desktop-1024x440.webp 1024w, https:\/\/rollambia.net\/wp-content\/uploads\/Rollambia-Desktop-768x330.webp 768w\" sizes=\"auto, (max-width: 1248px) 100vw, 1248px\" \/><\/p>\n<\/div><\/div><div style=\"clear: both\"><\/div><div class=\"d-flex justify-content-center\"><button data-item=\"decouvrez_link\" data-group=\"website_links\" class=\"goto fw-bold rounded-pill btn btn-orange\" aria-label=\"Descarga la aplicaci\u00f3n Rollambia\" >Descarga la aplicaci\u00f3n Rollambia<\/button><\/div><div class=\"scrollable-content-wrap my-5\"><div class=\"scrollable-content-inner\"><h2>Preguntas Frecuentes<\/h2>\n<h3>\u00bfQu\u00e9 debo hacer si la aplicaci\u00f3n se congela continuamente?<\/h3>\n<p>Se recomienda que comiences reiniciando tu dispositivo si experimentas problemas de estabilidad con la aplicaci\u00f3n de Rollambia. La memoria temporal se borra, lo que permite resolver una gran cantidad de problemas.<\/p>\n<h3>\u00bfSon seguros mis dep\u00f3sitos cuando uso la aplicaci\u00f3n m\u00f3vil?<\/h3>\n<p>La seguridad de los dep\u00f3sitos realizados a trav\u00e9s de la aplicaci\u00f3n de Rollambia es comparable a la de los dep\u00f3sitos realizados desde una computadora de escritorio. De manera similar a la versi\u00f3n de escritorio, la aplicaci\u00f3n m\u00f3vil hace uso de la misma infraestructura de cifrado y seguridad.<\/p>\n<h3>\u00bfPor qu\u00e9 deber\u00eda usar la aplicaci\u00f3n oficial en lugar del sitio web?<\/h3>\n<p>En comparaci\u00f3n con un navegador web, la aplicaci\u00f3n oficial de Rollambia ofrece un rendimiento superior, algo que no es posible con un navegador. Las transacciones se completan m\u00e1s r\u00e1pidamente, la experiencia general es m\u00e1s optimizada y las tragamonedas en l\u00ednea se cargan m\u00e1s r\u00e1pido.<\/p>\n<\/div><\/div><\/p>\n","protected":false},"excerpt":{"rendered":"<p>Aplicaci\u00f3n M\u00f3vil de Rollambia La Rollambia app es como llevar un mini-casino en tu bolsillo. Con las funciones espec\u00edficas para m\u00f3viles de la aplicaci\u00f3n, tiempos de carga r\u00e1pidos y rendimiento optimizado, puedes jugar cuando quieras. Juega a tus m\u00e1quinas tragamonedas favoritas, juegos con crupier en vivo o juegos de mesa con velocidad y facilidad asombrosas [&hellip;]<\/p>\n","protected":false},"author":1,"featured_media":0,"parent":0,"menu_order":0,"comment_status":"closed","ping_status":"closed","template":"template-builder.php","meta":{"_acf_changed":false,"inline_featured_image":false,"footnotes":""},"class_list":["post-1449","page","type-page","status-publish","hentry"],"acf":[],"yoast_head":"<!-- This site is optimized with the Yoast SEO plugin v27.3 - https:\/\/yoast.com\/product\/yoast-seo-wordpress\/ -->\n<title>Rollambia Casino App para iOS y Android<\/title>\n<meta name=\"description\" content=\"Descarga la Roll Ambia app en Android o iOS y disfruta de acceso instant\u00e1neo a una enorme biblioteca de juegos. Participa en jackpots, torneos y promociones exclusivas desde tu dispositivo.\" \/>\n<meta name=\"robots\" content=\"index, follow, max-snippet:-1, max-image-preview:large, max-video-preview:-1\" \/>\n<link rel=\"canonical\" href=\"https:\/\/rollambia.net\/es\/aplicacion\/\" \/>\n<meta property=\"og:locale\" content=\"es_ES\" \/>\n<meta property=\"og:type\" content=\"article\" \/>\n<meta property=\"og:title\" content=\"Rollambia Casino App para iOS y Android\" \/>\n<meta property=\"og:description\" content=\"Descarga la Roll Ambia app en Android o iOS y disfruta de acceso instant\u00e1neo a una enorme biblioteca de juegos. Participa en jackpots, torneos y promociones exclusivas desde tu dispositivo.\" \/>\n<meta property=\"og:url\" content=\"https:\/\/rollambia.net\/es\/aplicacion\/\" \/>\n<meta property=\"og:site_name\" content=\"Rollambia\" \/>\n<meta property=\"article:modified_time\" content=\"2026-02-27T07:56:28+00:00\" \/>\n<meta name=\"twitter:card\" content=\"summary_large_image\" \/>\n<meta name=\"twitter:label1\" content=\"Est. reading time\" \/>\n\t<meta name=\"twitter:data1\" content=\"2 minutes\" \/>\n<script type=\"application\/ld+json\" class=\"yoast-schema-graph\">{\"@context\":\"https:\\\/\\\/schema.org\",\"@graph\":[{\"@type\":\"WebPage\",\"@id\":\"https:\\\/\\\/rollambia.net\\\/es\\\/aplicacion\\\/\",\"url\":\"https:\\\/\\\/rollambia.net\\\/es\\\/aplicacion\\\/\",\"name\":\"Rollambia Casino App para iOS y Android\",\"isPartOf\":{\"@id\":\"https:\\\/\\\/rollambia.net\\\/es\\\/#website\"},\"datePublished\":\"2026-01-20T12:08:23+00:00\",\"dateModified\":\"2026-02-27T07:56:28+00:00\",\"description\":\"Descarga la Roll Ambia app en Android o iOS y disfruta de acceso instant\u00e1neo a una enorme biblioteca de juegos. Participa en jackpots, torneos y promociones exclusivas desde tu dispositivo.\",\"breadcrumb\":{\"@id\":\"https:\\\/\\\/rollambia.net\\\/es\\\/aplicacion\\\/#breadcrumb\"},\"inLanguage\":\"es-ES\",\"potentialAction\":[{\"@type\":\"ReadAction\",\"target\":[\"https:\\\/\\\/rollambia.net\\\/es\\\/aplicacion\\\/\"]}]},{\"@type\":\"BreadcrumbList\",\"@id\":\"https:\\\/\\\/rollambia.net\\\/es\\\/aplicacion\\\/#breadcrumb\",\"itemListElement\":[{\"@type\":\"ListItem\",\"position\":1,\"name\":\"Rollambia\",\"item\":\"https:\\\/\\\/rollambia.net\\\/es\\\/\"},{\"@type\":\"ListItem\",\"position\":2,\"name\":\"Aplicaci\u00f3n\"}]},{\"@type\":\"WebSite\",\"@id\":\"https:\\\/\\\/rollambia.net\\\/es\\\/#website\",\"url\":\"https:\\\/\\\/rollambia.net\\\/es\\\/\",\"name\":\"Rollambia\",\"description\":\"\",\"publisher\":{\"@id\":\"https:\\\/\\\/rollambia.net\\\/es\\\/#organization\"},\"potentialAction\":[{\"@type\":\"SearchAction\",\"target\":{\"@type\":\"EntryPoint\",\"urlTemplate\":\"https:\\\/\\\/rollambia.net\\\/es\\\/?s={search_term_string}\"},\"query-input\":{\"@type\":\"PropertyValueSpecification\",\"valueRequired\":true,\"valueName\":\"search_term_string\"}}],\"inLanguage\":\"es-ES\"},{\"@type\":\"Organization\",\"@id\":\"https:\\\/\\\/rollambia.net\\\/es\\\/#organization\",\"name\":\"Rollambia\",\"url\":\"https:\\\/\\\/rollambia.net\\\/es\\\/\",\"logo\":{\"@type\":\"ImageObject\",\"inLanguage\":\"es-ES\",\"@id\":\"https:\\\/\\\/rollambia.net\\\/es\\\/#\\\/schema\\\/logo\\\/image\\\/\",\"url\":\"https:\\\/\\\/rollambia.net\\\/wp-content\\\/uploads\\\/2026\\\/02\\\/cropped-logo-e1772095679432-1.png\",\"contentUrl\":\"https:\\\/\\\/rollambia.net\\\/wp-content\\\/uploads\\\/2026\\\/02\\\/cropped-logo-e1772095679432-1.png\",\"width\":206,\"height\":47,\"caption\":\"Rollambia\"},\"image\":{\"@id\":\"https:\\\/\\\/rollambia.net\\\/es\\\/#\\\/schema\\\/logo\\\/image\\\/\"}}]}<\/script>\n<!-- \/ Yoast SEO plugin. -->","yoast_head_json":{"title":"Rollambia Casino App para iOS y Android","description":"Descarga la Roll Ambia app en Android o iOS y disfruta de acceso instant\u00e1neo a una enorme biblioteca de juegos. Participa en jackpots, torneos y promociones exclusivas desde tu dispositivo.","robots":{"index":"index","follow":"follow","max-snippet":"max-snippet:-1","max-image-preview":"max-image-preview:large","max-video-preview":"max-video-preview:-1"},"canonical":"https:\/\/rollambia.net\/es\/aplicacion\/","og_locale":"es_ES","og_type":"article","og_title":"Rollambia Casino App para iOS y Android","og_description":"Descarga la Roll Ambia app en Android o iOS y disfruta de acceso instant\u00e1neo a una enorme biblioteca de juegos. Participa en jackpots, torneos y promociones exclusivas desde tu dispositivo.","og_url":"https:\/\/rollambia.net\/es\/aplicacion\/","og_site_name":"Rollambia","article_modified_time":"2026-02-27T07:56:28+00:00","twitter_card":"summary_large_image","twitter_misc":{"Est. reading time":"2 minutes"},"schema":{"@context":"https:\/\/schema.org","@graph":[{"@type":"WebPage","@id":"https:\/\/rollambia.net\/es\/aplicacion\/","url":"https:\/\/rollambia.net\/es\/aplicacion\/","name":"Rollambia Casino App para iOS y Android","isPartOf":{"@id":"https:\/\/rollambia.net\/es\/#website"},"datePublished":"2026-01-20T12:08:23+00:00","dateModified":"2026-02-27T07:56:28+00:00","description":"Descarga la Roll Ambia app en Android o iOS y disfruta de acceso instant\u00e1neo a una enorme biblioteca de juegos. Participa en jackpots, torneos y promociones exclusivas desde tu dispositivo.","breadcrumb":{"@id":"https:\/\/rollambia.net\/es\/aplicacion\/#breadcrumb"},"inLanguage":"es-ES","potentialAction":[{"@type":"ReadAction","target":["https:\/\/rollambia.net\/es\/aplicacion\/"]}]},{"@type":"BreadcrumbList","@id":"https:\/\/rollambia.net\/es\/aplicacion\/#breadcrumb","itemListElement":[{"@type":"ListItem","position":1,"name":"Rollambia","item":"https:\/\/rollambia.net\/es\/"},{"@type":"ListItem","position":2,"name":"Aplicaci\u00f3n"}]},{"@type":"WebSite","@id":"https:\/\/rollambia.net\/es\/#website","url":"https:\/\/rollambia.net\/es\/","name":"Rollambia","description":"","publisher":{"@id":"https:\/\/rollambia.net\/es\/#organization"},"potentialAction":[{"@type":"SearchAction","target":{"@type":"EntryPoint","urlTemplate":"https:\/\/rollambia.net\/es\/?s={search_term_string}"},"query-input":{"@type":"PropertyValueSpecification","valueRequired":true,"valueName":"search_term_string"}}],"inLanguage":"es-ES"},{"@type":"Organization","@id":"https:\/\/rollambia.net\/es\/#organization","name":"Rollambia","url":"https:\/\/rollambia.net\/es\/","logo":{"@type":"ImageObject","inLanguage":"es-ES","@id":"https:\/\/rollambia.net\/es\/#\/schema\/logo\/image\/","url":"https:\/\/rollambia.net\/wp-content\/uploads\/2026\/02\/cropped-logo-e1772095679432-1.png","contentUrl":"https:\/\/rollambia.net\/wp-content\/uploads\/2026\/02\/cropped-logo-e1772095679432-1.png","width":206,"height":47,"caption":"Rollambia"},"image":{"@id":"https:\/\/rollambia.net\/es\/#\/schema\/logo\/image\/"}}]}},"_links":{"self":[{"href":"https:\/\/rollambia.net\/es\/wp-json\/wp\/v2\/pages\/1449","targetHints":{"allow":["GET"]}}],"collection":[{"href":"https:\/\/rollambia.net\/es\/wp-json\/wp\/v2\/pages"}],"about":[{"href":"https:\/\/rollambia.net\/es\/wp-json\/wp\/v2\/types\/page"}],"author":[{"embeddable":true,"href":"https:\/\/rollambia.net\/es\/wp-json\/wp\/v2\/users\/1"}],"replies":[{"embeddable":true,"href":"https:\/\/rollambia.net\/es\/wp-json\/wp\/v2\/comments?post=1449"}],"version-history":[{"count":4,"href":"https:\/\/rollambia.net\/es\/wp-json\/wp\/v2\/pages\/1449\/revisions"}],"predecessor-version":[{"id":2130,"href":"https:\/\/rollambia.net\/es\/wp-json\/wp\/v2\/pages\/1449\/revisions\/2130"}],"wp:attachment":[{"href":"https:\/\/rollambia.net\/es\/wp-json\/wp\/v2\/media?parent=1449"}],"curies":[{"name":"wp","href":"https:\/\/api.w.org\/{rel}","templated":true}]}}