{"id":1442,"date":"2026-01-20T12:08:23","date_gmt":"2026-01-20T12:08:23","guid":{"rendered":"https:\/\/bonuskongcasino.com\/app-2\/"},"modified":"2026-02-26T14:35:05","modified_gmt":"2026-02-26T14:35:05","slug":"app","status":"publish","type":"page","link":"https:\/\/rollambia.net\/de\/app\/","title":{"rendered":"App"},"content":{"rendered":"<h1>Rollambia Mobile Applikation<\/h1>\n<p>Die Rollambia App ist wie ein Mini-Casino, das Sie in Ihrer Tasche mit sich herumtragen. Mit den mobil-spezifischen Funktionen der App, schnellen Ladezeiten und optimierter Leistung k\u00f6nnen Sie spielen, wann immer Sie m\u00f6chten. Spielen Sie Ihre Lieblings-Spielautomaten, Live-Dealer-Spiele oder Tischspiele mit Blitzgeschwindigkeit und Leichtigkeit in der Rollambia App.<\/p>\n<div class=\"banner-wrap\" aria-label=\"Banner\"><img src=\"https:\/\/rollambia.net\/wp-content\/uploads\/rollambia-bnr-pc.webp\" class=\"w-100 d-none d-lg-block img-pc main-banner-img\" alt=\"rollambia banner pc\" fetchpriority=\"high\" decoding=\"async\"><img src=\"https:\/\/rollambia.net\/wp-content\/uploads\/rollambia-bnr-mob.webp\" class=\"w-100 d-none d-md-block d-lg-none main-banner-img\" alt=\"rollambia banner mobile\" fetchpriority=\"high\" decoding=\"async\"><img src=\"https:\/\/rollambia.net\/wp-content\/uploads\/rollambia-bnr-mob.webp\" class=\"w-100 d-md-none\" alt=\"rollambia banner mobile\" fetchpriority=\"high\" decoding=\"async\"><div class=\"banner-description\">\n<div class=\"banner-title\">Willkommensboni<\/div>\n<p class=\"banner-header-title\">1500 \u20ac<\/p>\n<div class=\"banner-header-AdditionalText\">+ 250 Freispiele<\/div>\n<button data-item=\"homepage_banner_link\" class=\"goto m-button m-gradient-border m-button--primary m-button--large banner-button btn-orange\">\n            <div class=\"m-button-content\">\n                <span>Jetzt anmelden<\/span>\n                <span><\/span>\n            <\/div>\n        <\/button>\n<\/div>\n<div class=\"WelcomePack\">\n<p><img loading=\"lazy\" decoding=\"async\" class=\"alignnone size-full wp-image-1903\" src=\"https:\/\/rollambia.net\/wp-content\/uploads\/welcome-crown.png\" alt=\"welcome-crown\" width=\"25\" height=\"26\" \/><\/p>\n<div class=\"WelcomePack-Info\">W\u00f6chentlicher Cashback von bis zu 25 %<\/div>\n<p><img loading=\"lazy\" decoding=\"async\" class=\"alignnone size-full wp-image-1903\" src=\"https:\/\/rollambia.net\/wp-content\/uploads\/welcome-crown.png\" alt=\"welcome-crown\" width=\"25\" height=\"26\" \/><\/p>\n<\/div>\n<\/div>\n<h2>Vorteile der Rollambia Applikation<\/h2>\n<p>Die Rollambia App verf\u00fcgt \u00fcber einige raffinierte Funktionen, die das Spielen unterwegs unterhaltsamer machen als auf einem Desktop oder Laptop. Speziell f\u00fcr Mobilger\u00e4te entwickelt, \u00fcbertrifft die Anwendung die Webversion in Bezug auf Geschwindigkeit und Datennutzung.<\/p>\n<p>Selbst auf kleineren Bildschirmen passt sich die optimierte Oberfl\u00e4che automatisch an Ihre Bed\u00fcrfnisse an und macht die Navigation zum Kinderspiel. Verglichen mit der Nutzung eines Webbrowsers ist das gesamte Nutzererlebnis fl\u00fcssiger, Grafiken laden schneller und Transaktionen werden schneller abgeschlossen.<\/p>\n<table>\n<tbody>\n<tr>\n<td>Merkmal<\/td>\n<td>Mobile App<\/td>\n<td>PC-Version<\/td>\n<\/tr>\n<tr>\n<td>Ladegeschwindigkeit<\/td>\n<td>\u00c4u\u00dferst schnell<\/td>\n<td>Schnell<\/td>\n<\/tr>\n<tr>\n<td>Datennutzung<\/td>\n<td>Geringer<\/td>\n<td>H\u00f6her<\/td>\n<\/tr>\n<tr>\n<td>Zugriff mit einem Klick<\/td>\n<td>Ja<\/td>\n<td>Ben\u00f6tigt einen Browser<\/td>\n<\/tr>\n<\/tbody>\n<\/table>\n<p>Au\u00dferdem bleibt man in der App automatisch angemeldet, was jedes Mal Zeit spart, wenn man sie \u00f6ffnet. Sie k\u00f6nnen Push-Benachrichtigungen \u00fcber neue Angebote, Boni und wichtige Kontoupdates erhalten, ohne st\u00e4ndig Ihr Konto \u00fcberpr\u00fcfen zu m\u00fcssen.<\/p>\n<p><div class=\"scrollable-content-wrap my-5\"><div class=\"scrollable-content-inner\"><h2>Wie man Rollambia auf iPhone und iPad spielt<\/h2>\n<p>Es ist einfach, die Rollambia App auf iOS-Ger\u00e4ten zu installieren, und Sie m\u00fcssen sie nicht aus dem App Store herunterladen. Das Rollambia Casino nutzt Progressive Web App (PWA)-Technologie, die auf allen Apple-Ger\u00e4ten perfekt funktioniert.<\/p>\n<h3>Schritt-f\u00fcr-Schritt Installationsanleitung f\u00fcr iOS<\/h3>\n<ol>\n<li>Starten Sie Safari auf einem iOS-Ger\u00e4t, um auf die Rollambia Website zuzugreifen.<\/li>\n<li>Finden Sie das Casino-App-Symbol im Hauptmen\u00fc der Website, nachdem die Seite vollst\u00e4ndig geladen ist.<\/li>\n<li>Dr\u00fccken Sie die Teilen-Schaltfl\u00e4che (das Quadrat mit dem Pfeil nach oben) am unteren Bildschirmrand.<\/li>\n<li>Scrollen Sie im erscheinenden Men\u00fc nach unten und w\u00e4hlen Sie \u201eZum Home-Bildschirm hinzuf\u00fcgen\u201c.<\/li>\n<li>Der Name der App ist anpassbar, aber es ist am besten, der Einfachheit halber beim Standardnamen \u201eRollambia\u201c zu bleiben.<\/li>\n<li>Dr\u00fccken Sie \u201eHinzuf\u00fcgen\u201c in der oberen rechten Ecke, um die Installation abzuschlie\u00dfen.<\/li>\n<\/ol>\n<p>Das Rollambia-Symbol wird auf Ihrem Home-Bildschirm erscheinen. Wenn Sie darauf tippen, \u00f6ffnet sich die Anwendung im Vollbildmodus und bietet ein Spielerlebnis, das mit einer nativen Anwendung identisch ist.<\/p>\n<p><img loading=\"lazy\" decoding=\"async\" class=\"alignnone wp-image-1977 size-full\" src=\"https:\/\/rollambia.net\/wp-content\/uploads\/Rollambia-iOS.webp\" alt=\"Rollambia iOS\" width=\"1248\" height=\"536\" srcset=\"https:\/\/rollambia.net\/wp-content\/uploads\/Rollambia-iOS.webp 1248w, https:\/\/rollambia.net\/wp-content\/uploads\/Rollambia-iOS-300x129.webp 300w, https:\/\/rollambia.net\/wp-content\/uploads\/Rollambia-iOS-1024x440.webp 1024w, https:\/\/rollambia.net\/wp-content\/uploads\/Rollambia-iOS-768x330.webp 768w\" sizes=\"auto, (max-width: 1248px) 100vw, 1248px\" \/><\/p>\n<\/div><\/div><div style=\"clear: both\"><\/div><div class=\"d-flex justify-content-center\"><button data-item=\"decouvrez_link\" data-group=\"website_links\" class=\"goto fw-bold rounded-pill btn btn-orange\" aria-label=\"Laden Sie die Rollambia-App herunter\" >Laden Sie die Rollambia-App herunter<\/button><\/div><div class=\"scrollable-content-wrap my-5\"><div class=\"scrollable-content-inner\"><h2>Herunterladen und Verwenden der App auf Android<\/h2>\n<p>Android-Nutzer haben die Flexibilit\u00e4t, die Rollambia Anwendung auf zwei verschiedene Arten zu installieren, je nach ihren Vorlieben.<\/p>\n<p>Die Verwendung des Chrome-Browsers ist der einfachste Weg.<\/p>\n<ol>\n<li>\u00d6ffnen Sie Chrome auf Ihrem Ger\u00e4t und besuchen Sie die Rollambia Website.<\/li>\n<li>Klicken Sie auf die drei Punkte in der oberen rechten Ecke des Bildschirms.<\/li>\n<li>W\u00e4hlen Sie aus dem erscheinenden Men\u00fc \u201eZum Startbildschirm hinzuf\u00fcgen\u201c.<\/li>\n<li>Dr\u00fccken Sie zur Best\u00e4tigung \u201eHinzuf\u00fcgen\u201c. Das Symbol wird auf dem Startbildschirm Ihres Telefons erscheinen.<\/li>\n<\/ol>\n<p>Sie k\u00f6nnen auch eine Verkn\u00fcpfung aus dem App-Drawer erstellen.<\/p>\n<ol>\n<li>Streichen Sie vom unteren Rand des Startbildschirms nach oben, um den App-Drawer zu \u00f6ffnen.<\/li>\n<li>Tippen und halten Sie das App-Symbol, um es hinzuzuf\u00fcgen.<\/li>\n<li>Ziehen Sie das Symbol an die gew\u00fcnschte Stelle auf dem Startbildschirm und lassen Sie es los.<\/li>\n<li>Die App bleibt dort f\u00fcr sofortigen Zugriff jederzeit.<\/li>\n<\/ol>\n<p>Nutzen Sie den Live-Chat oder E-Mail, um mit dem Kundensupport-Team zu kommunizieren, wenn Sie Fragen zum Installationsprozess oder zum App-Verifizierungsprozess haben.<\/p>\n<h3>Sicherheit und Schutz in der Anwendung<\/h3>\n<p>Die Rollambia Anwendung integriert fortschrittliche Sicherheitssysteme, um Ihre pers\u00f6nlichen und finanziellen Daten zu sch\u00fctzen. Alle zwischen Ihrem Ger\u00e4t und unseren Servern gesendeten und empfangenen Daten sind sicher mit 256-Bit-SSL-Technologie verschl\u00fcsselt.<\/p>\n<p>Mehrere Ebenen der Verifizierung sch\u00fctzen Ein- und Auszahlungen. Das System scannt automatisch jede Transaktion auf verd\u00e4chtige Aktivit\u00e4ten und benachrichtigt Sie sofort, wenn etwas Ungew\u00f6hnliches in Ihrem Konto passiert.<\/p>\n<p>Die Internationale Datenschutzbeh\u00f6rde legt die Regeln fest, wie Ihre pers\u00f6nlichen Informationen auf sicheren Servern gespeichert werden. Die Anwendung speichert keine sensiblen Zahlungsinformationen lokal auf Ihrem Ger\u00e4t, was das Risiko von Verlust oder Diebstahl verringert, falls das Ger\u00e4t verloren geht oder gestohlen wird.<\/p>\n<p><img loading=\"lazy\" decoding=\"async\" class=\"alignnone wp-image-1953 size-full\" src=\"https:\/\/rollambia.net\/wp-content\/uploads\/Rollambia-Android.webp\" alt=\"Rollambia Android\" width=\"1248\" height=\"536\" srcset=\"https:\/\/rollambia.net\/wp-content\/uploads\/Rollambia-Android.webp 1248w, https:\/\/rollambia.net\/wp-content\/uploads\/Rollambia-Android-300x129.webp 300w, https:\/\/rollambia.net\/wp-content\/uploads\/Rollambia-Android-1024x440.webp 1024w, https:\/\/rollambia.net\/wp-content\/uploads\/Rollambia-Android-768x330.webp 768w\" sizes=\"auto, (max-width: 1248px) 100vw, 1248px\" \/><\/p>\n<\/div><\/div><div style=\"clear: both\"><\/div><div class=\"d-flex justify-content-center\"><button data-item=\"decouvrez_link\" data-group=\"website_links\" class=\"goto fw-bold rounded-pill btn btn-orange\" aria-label=\"Laden Sie die Rollambia-App herunter\" >Laden Sie die Rollambia-App herunter<\/button><\/div><div class=\"scrollable-content-wrap my-5\"><div class=\"scrollable-content-inner\"><h2>Rollambia vom PC oder Mac<\/h2>\n<p>Obwohl die Rollambia App f\u00fcr mobile Casino-Ger\u00e4te entwickelt ist, k\u00f6nnen Sie das gleiche Erlebnis auf Ihrem Computer haben. Sie k\u00f6nnen die Plattform auf Windows- und Mac-Computern \u00fcber einen Webbrowser nutzen.<\/p>\n<ol>\n<li>\u00d6ffnen Sie Chrome oder Safari und gehen Sie zur Rollambia Website, um sie sofort von Ihrem Desktop aus zu erreichen.<\/li>\n<li>Klicken Sie in Chrome auf das Drei-Punkte-Symbol in der oberen rechten Ecke und w\u00e4hlen Sie \u201eSpeichern und teilen\u201c &gt; \u201eVerkn\u00fcpfung erstellen\u201c.<\/li>\n<li>Stellen Sie sicher, dass Sie \u201eAls Fenster \u00f6ffnen\u201c ausw\u00e4hlen, um eine eigenst\u00e4ndige Anwendung zu haben.<\/li>\n<\/ol>\n<p>Auf dem Mac mit Safari ist der Prozess \u00e4hnlich wie bei iOS. Verwenden Sie das \u201eAblage\u201c-Men\u00fc &gt; \u201eZum Dock hinzuf\u00fcgen\u201c f\u00fcr schnellen Zugriff. Die Desktop-Version bietet einen gr\u00f6\u00dferen Bildschirm f\u00fcr eine bessere Ansicht von Live-Casino-Spielen und mehr Platz f\u00fcr Multitasking.<\/p>\n<p><img loading=\"lazy\" decoding=\"async\" class=\"alignnone wp-image-1969 size-full\" src=\"https:\/\/rollambia.net\/wp-content\/uploads\/Rollambia-Desktop.webp\" alt=\"Rollambia Desktop\" width=\"1248\" height=\"536\" srcset=\"https:\/\/rollambia.net\/wp-content\/uploads\/Rollambia-Desktop.webp 1248w, https:\/\/rollambia.net\/wp-content\/uploads\/Rollambia-Desktop-300x129.webp 300w, https:\/\/rollambia.net\/wp-content\/uploads\/Rollambia-Desktop-1024x440.webp 1024w, https:\/\/rollambia.net\/wp-content\/uploads\/Rollambia-Desktop-768x330.webp 768w\" sizes=\"auto, (max-width: 1248px) 100vw, 1248px\" \/><\/p>\n<\/div><\/div><div style=\"clear: both\"><\/div><div class=\"d-flex justify-content-center\"><button data-item=\"decouvrez_link\" data-group=\"website_links\" class=\"goto fw-bold rounded-pill btn btn-orange\" aria-label=\"Laden Sie die Rollambia-App herunter\" >Laden Sie die Rollambia-App herunter<\/button><\/div><div class=\"scrollable-content-wrap my-5\"><div class=\"scrollable-content-inner\"><h2>H\u00e4ufig gestellte Fragen<\/h2>\n<h3>Was soll ich tun, wenn die Anwendung immer wieder einfriert?<\/h3>\n<p>Es wird empfohlen, dass Sie zun\u00e4chst Ihr Ger\u00e4t neu starten, wenn Sie Stabilit\u00e4tsprobleme mit der Rollambia App haben. Der tempor\u00e4re Speicher wird geleert, was die L\u00f6sung vieler Probleme erm\u00f6glicht.<\/p>\n<h3>Sind meine Einzahlungen sicher, wenn ich die mobile Anwendung verwende?<\/h3>\n<p>Die Sicherheit von Einzahlungen \u00fcber die Rollambia App ist vergleichbar mit der von Einzahlungen von einem Computer-Desktop. \u00c4hnlich wie die Desktop-Version nutzt die mobile Anwendung dieselbe Verschl\u00fcsselungs- und Sicherheitsinfrastruktur.<\/p>\n<h3>Warum sollte ich die offizielle App anstelle der Website verwenden?<\/h3>\n<p>Verglichen mit einem Webbrowser bietet die offizielle Rollambia App eine \u00fcberlegene Leistung, was mit einem Browser nicht m\u00f6glich ist. Transaktionen werden schneller abgeschlossen, das Gesamterlebnis ist optimierter und Online-Slots laden schneller.<\/p>\n<\/div><\/div><\/p>\n","protected":false},"excerpt":{"rendered":"<p>Rollambia Mobile Applikation Die Rollambia App ist wie ein Mini-Casino, das Sie in Ihrer Tasche mit sich herumtragen. Mit den mobil-spezifischen Funktionen der App, schnellen Ladezeiten und optimierter Leistung k\u00f6nnen Sie spielen, wann immer Sie m\u00f6chten. Spielen Sie Ihre Lieblings-Spielautomaten, Live-Dealer-Spiele oder Tischspiele mit Blitzgeschwindigkeit und Leichtigkeit in der Rollambia App. Vorteile der Rollambia Applikation [&hellip;]<\/p>\n","protected":false},"author":1,"featured_media":0,"parent":0,"menu_order":0,"comment_status":"closed","ping_status":"closed","template":"template-builder.php","meta":{"_acf_changed":false,"inline_featured_image":false,"footnotes":""},"class_list":["post-1442","page","type-page","status-publish","hentry"],"acf":[],"yoast_head":"<!-- This site is optimized with the Yoast SEO plugin v27.3 - https:\/\/yoast.com\/product\/yoast-seo-wordpress\/ -->\n<title>Rollambia Casino App f\u00fcr iOS &amp; Android<\/title>\n<meta name=\"description\" content=\"Lade die Roll Ambia App f\u00fcr Android oder iOS herunter und erhalte sofortigen Zugriff auf eine riesige Spielebibliothek. Nimm direkt von deinem Ger\u00e4t aus an Jackpots, Turnieren und exklusiven Aktionen teil.\" \/>\n<meta name=\"robots\" content=\"index, follow, max-snippet:-1, max-image-preview:large, max-video-preview:-1\" \/>\n<link rel=\"canonical\" href=\"https:\/\/rollambia.net\/de\/app\/\" \/>\n<meta property=\"og:locale\" content=\"de_DE\" \/>\n<meta property=\"og:type\" content=\"article\" \/>\n<meta property=\"og:title\" content=\"Rollambia Casino App f\u00fcr iOS &amp; Android\" \/>\n<meta property=\"og:description\" content=\"Lade die Roll Ambia App f\u00fcr Android oder iOS herunter und erhalte sofortigen Zugriff auf eine riesige Spielebibliothek. Nimm direkt von deinem Ger\u00e4t aus an Jackpots, Turnieren und exklusiven Aktionen teil.\" \/>\n<meta property=\"og:url\" content=\"https:\/\/rollambia.net\/de\/app\/\" \/>\n<meta property=\"og:site_name\" content=\"Rollambia\" \/>\n<meta property=\"article:modified_time\" content=\"2026-02-26T14:35:05+00:00\" \/>\n<meta name=\"twitter:card\" content=\"summary_large_image\" \/>\n<meta name=\"twitter:label1\" content=\"Gesch\u00e4tzte Lesezeit\" \/>\n\t<meta name=\"twitter:data1\" content=\"1\u00a0Minute\" \/>\n<script type=\"application\/ld+json\" class=\"yoast-schema-graph\">{\"@context\":\"https:\\\/\\\/schema.org\",\"@graph\":[{\"@type\":\"WebPage\",\"@id\":\"https:\\\/\\\/rollambia.net\\\/de\\\/app\\\/\",\"url\":\"https:\\\/\\\/rollambia.net\\\/de\\\/app\\\/\",\"name\":\"Rollambia Casino App f\u00fcr iOS & Android\",\"isPartOf\":{\"@id\":\"https:\\\/\\\/rollambia.net\\\/de\\\/#website\"},\"datePublished\":\"2026-01-20T12:08:23+00:00\",\"dateModified\":\"2026-02-26T14:35:05+00:00\",\"description\":\"Lade die Roll Ambia App f\u00fcr Android oder iOS herunter und erhalte sofortigen Zugriff auf eine riesige Spielebibliothek. Nimm direkt von deinem Ger\u00e4t aus an Jackpots, Turnieren und exklusiven Aktionen teil.\",\"breadcrumb\":{\"@id\":\"https:\\\/\\\/rollambia.net\\\/de\\\/app\\\/#breadcrumb\"},\"inLanguage\":\"de\",\"potentialAction\":[{\"@type\":\"ReadAction\",\"target\":[\"https:\\\/\\\/rollambia.net\\\/de\\\/app\\\/\"]}]},{\"@type\":\"BreadcrumbList\",\"@id\":\"https:\\\/\\\/rollambia.net\\\/de\\\/app\\\/#breadcrumb\",\"itemListElement\":[{\"@type\":\"ListItem\",\"position\":1,\"name\":\"Rollambia\",\"item\":\"https:\\\/\\\/rollambia.net\\\/de\\\/\"},{\"@type\":\"ListItem\",\"position\":2,\"name\":\"App\"}]},{\"@type\":\"WebSite\",\"@id\":\"https:\\\/\\\/rollambia.net\\\/de\\\/#website\",\"url\":\"https:\\\/\\\/rollambia.net\\\/de\\\/\",\"name\":\"Rollambia\",\"description\":\"\",\"publisher\":{\"@id\":\"https:\\\/\\\/rollambia.net\\\/de\\\/#organization\"},\"potentialAction\":[{\"@type\":\"SearchAction\",\"target\":{\"@type\":\"EntryPoint\",\"urlTemplate\":\"https:\\\/\\\/rollambia.net\\\/de\\\/?s={search_term_string}\"},\"query-input\":{\"@type\":\"PropertyValueSpecification\",\"valueRequired\":true,\"valueName\":\"search_term_string\"}}],\"inLanguage\":\"de\"},{\"@type\":\"Organization\",\"@id\":\"https:\\\/\\\/rollambia.net\\\/de\\\/#organization\",\"name\":\"Rollambia\",\"url\":\"https:\\\/\\\/rollambia.net\\\/de\\\/\",\"logo\":{\"@type\":\"ImageObject\",\"inLanguage\":\"de\",\"@id\":\"https:\\\/\\\/rollambia.net\\\/de\\\/#\\\/schema\\\/logo\\\/image\\\/\",\"url\":\"https:\\\/\\\/rollambia.net\\\/wp-content\\\/uploads\\\/2026\\\/02\\\/cropped-logo-e1772095679432-1.png\",\"contentUrl\":\"https:\\\/\\\/rollambia.net\\\/wp-content\\\/uploads\\\/2026\\\/02\\\/cropped-logo-e1772095679432-1.png\",\"width\":206,\"height\":47,\"caption\":\"Rollambia\"},\"image\":{\"@id\":\"https:\\\/\\\/rollambia.net\\\/de\\\/#\\\/schema\\\/logo\\\/image\\\/\"}}]}<\/script>\n<!-- \/ Yoast SEO plugin. -->","yoast_head_json":{"title":"Rollambia Casino App f\u00fcr iOS & Android","description":"Lade die Roll Ambia App f\u00fcr Android oder iOS herunter und erhalte sofortigen Zugriff auf eine riesige Spielebibliothek. Nimm direkt von deinem Ger\u00e4t aus an Jackpots, Turnieren und exklusiven Aktionen teil.","robots":{"index":"index","follow":"follow","max-snippet":"max-snippet:-1","max-image-preview":"max-image-preview:large","max-video-preview":"max-video-preview:-1"},"canonical":"https:\/\/rollambia.net\/de\/app\/","og_locale":"de_DE","og_type":"article","og_title":"Rollambia Casino App f\u00fcr iOS & Android","og_description":"Lade die Roll Ambia App f\u00fcr Android oder iOS herunter und erhalte sofortigen Zugriff auf eine riesige Spielebibliothek. Nimm direkt von deinem Ger\u00e4t aus an Jackpots, Turnieren und exklusiven Aktionen teil.","og_url":"https:\/\/rollambia.net\/de\/app\/","og_site_name":"Rollambia","article_modified_time":"2026-02-26T14:35:05+00:00","twitter_card":"summary_large_image","twitter_misc":{"Gesch\u00e4tzte Lesezeit":"1\u00a0Minute"},"schema":{"@context":"https:\/\/schema.org","@graph":[{"@type":"WebPage","@id":"https:\/\/rollambia.net\/de\/app\/","url":"https:\/\/rollambia.net\/de\/app\/","name":"Rollambia Casino App f\u00fcr iOS & Android","isPartOf":{"@id":"https:\/\/rollambia.net\/de\/#website"},"datePublished":"2026-01-20T12:08:23+00:00","dateModified":"2026-02-26T14:35:05+00:00","description":"Lade die Roll Ambia App f\u00fcr Android oder iOS herunter und erhalte sofortigen Zugriff auf eine riesige Spielebibliothek. Nimm direkt von deinem Ger\u00e4t aus an Jackpots, Turnieren und exklusiven Aktionen teil.","breadcrumb":{"@id":"https:\/\/rollambia.net\/de\/app\/#breadcrumb"},"inLanguage":"de","potentialAction":[{"@type":"ReadAction","target":["https:\/\/rollambia.net\/de\/app\/"]}]},{"@type":"BreadcrumbList","@id":"https:\/\/rollambia.net\/de\/app\/#breadcrumb","itemListElement":[{"@type":"ListItem","position":1,"name":"Rollambia","item":"https:\/\/rollambia.net\/de\/"},{"@type":"ListItem","position":2,"name":"App"}]},{"@type":"WebSite","@id":"https:\/\/rollambia.net\/de\/#website","url":"https:\/\/rollambia.net\/de\/","name":"Rollambia","description":"","publisher":{"@id":"https:\/\/rollambia.net\/de\/#organization"},"potentialAction":[{"@type":"SearchAction","target":{"@type":"EntryPoint","urlTemplate":"https:\/\/rollambia.net\/de\/?s={search_term_string}"},"query-input":{"@type":"PropertyValueSpecification","valueRequired":true,"valueName":"search_term_string"}}],"inLanguage":"de"},{"@type":"Organization","@id":"https:\/\/rollambia.net\/de\/#organization","name":"Rollambia","url":"https:\/\/rollambia.net\/de\/","logo":{"@type":"ImageObject","inLanguage":"de","@id":"https:\/\/rollambia.net\/de\/#\/schema\/logo\/image\/","url":"https:\/\/rollambia.net\/wp-content\/uploads\/2026\/02\/cropped-logo-e1772095679432-1.png","contentUrl":"https:\/\/rollambia.net\/wp-content\/uploads\/2026\/02\/cropped-logo-e1772095679432-1.png","width":206,"height":47,"caption":"Rollambia"},"image":{"@id":"https:\/\/rollambia.net\/de\/#\/schema\/logo\/image\/"}}]}},"_links":{"self":[{"href":"https:\/\/rollambia.net\/de\/wp-json\/wp\/v2\/pages\/1442","targetHints":{"allow":["GET"]}}],"collection":[{"href":"https:\/\/rollambia.net\/de\/wp-json\/wp\/v2\/pages"}],"about":[{"href":"https:\/\/rollambia.net\/de\/wp-json\/wp\/v2\/types\/page"}],"author":[{"embeddable":true,"href":"https:\/\/rollambia.net\/de\/wp-json\/wp\/v2\/users\/1"}],"replies":[{"embeddable":true,"href":"https:\/\/rollambia.net\/de\/wp-json\/wp\/v2\/comments?post=1442"}],"version-history":[{"count":4,"href":"https:\/\/rollambia.net\/de\/wp-json\/wp\/v2\/pages\/1442\/revisions"}],"predecessor-version":[{"id":2082,"href":"https:\/\/rollambia.net\/de\/wp-json\/wp\/v2\/pages\/1442\/revisions\/2082"}],"wp:attachment":[{"href":"https:\/\/rollambia.net\/de\/wp-json\/wp\/v2\/media?parent=1442"}],"curies":[{"name":"wp","href":"https:\/\/api.w.org\/{rel}","templated":true}]}}